{"id":3120,"date":"2022-06-24T15:40:05","date_gmt":"2022-06-24T12:40:05","guid":{"rendered":"http:\/\/mcspa.org\/?page_id=3120"},"modified":"2022-07-02T10:44:33","modified_gmt":"2022-07-02T07:44:33","slug":"que-hacemos","status":"publish","type":"page","link":"https:\/\/mcspa.org\/es\/que-hacemos\/","title":{"rendered":"Qu\u00e9 hacemos"},"content":{"rendered":"<div class=\"wpb-content-wrapper\"><p>[vc_section full_width=&#8221;stretch_row_content&#8221; content_placement=&#8221;middle&#8221; css_animation=&#8221;fadeIn&#8221; el_class=&#8221;light-scheme&#8221; css=&#8221;.vc_custom_1578765654708{padding-top: 0px !important;padding-bottom: 0px !important;}&#8221; el_id=&#8221;split-section&#8221;][vc_row equal_height=&#8221;yes&#8221; rtl_reverse=&#8221;yes&#8221; content_placement=&#8221;middle&#8221;][vc_column css=&#8221;.vc_custom_1643885307899{padding-top: 100px !important;padding-bottom: 100px !important;}&#8221; offset=&#8221;vc_col-lg-6 vc_col-md-6 vc_col-xs-12&#8243;][vc_row_inner gap=&#8221;35&#8243; css=&#8221;.vc_custom_1578757110145{padding-top: 50px !important;padding-bottom: 50px !important;}&#8221;][vc_column_inner width=&#8221;1\/6&#8243;][\/vc_column_inner][vc_column_inner width=&#8221;2\/3&#8243;][vc_column_text]<strong>Promovemos el desarrollo integral de la persona, dando prioridad a los m\u00e1s necesitados.<\/strong><\/p>\n<p><span style=\"font-weight: 400;\">El desarrollo de los recursos h\u00eddricos siempre es una de nuestras prioridades, ya que proporciona una base s\u00f3lida para cualquier desarrollo futuro.\u00a0<\/span><\/p>\n<p><span style=\"font-weight: 400;\">Despu\u00e9s continuamos con el desarrollo de la educaci\u00f3n, la salud, la nutrici\u00f3n, la agricultura y la pastoral seg\u00fan las necesidades del lugar.<\/span><\/p>\n<p><span style=\"font-weight: 400;\">En este contexto, \u00c1frica es la principal prioridad de nuestro trabajo. Estamos dispuestos a ser enviados a lugares remotos del mundo donde habitan pueblos y grupos \u00e9tnicos que han sido marginados en el proceso de desarrollo y autosuficiencia.<\/span><\/p>\n<p><span style=\"font-weight: 400;\">Podr\u00edamos decir que nuestra misi\u00f3n global es \u201c<strong>ajardinar el mundo<\/strong>\u201d, buscando soluciones concretas a los problemas de nuestra sociedad.<\/span>[\/vc_column_text][\/vc_column_inner][vc_column_inner width=&#8221;1\/6&#8243;][\/vc_column_inner][\/vc_row_inner][\/vc_column][vc_column css=&#8221;.vc_custom_1643885380168{padding-top: 100px !important;padding-bottom: 100px !important;background-position: center !important;background-repeat: no-repeat !important;background-size: cover !important;}&#8221; offset=&#8221;vc_col-lg-6 vc_col-md-6 vc_col-xs-12&#8243;][vc_media_grid grid_id=&#8221;vc_gid:1656747821788-7693ae59-cd4a-5&#8243; include=&#8221;3131,3133,3123,3125,3127,3129,3204,3206,3208,3210&#8243;][\/vc_column][\/vc_row][\/vc_section]<\/p>\n<\/div>","protected":false},"excerpt":{"rendered":"<p>[vc_section full_width=&#8221;stretch_row_content&#8221; content_placement=&#8221;middle&#8221; css_animation=&#8221;fadeIn&#8221; el_class=&#8221;light-scheme&#8221; css=&#8221;.vc_custom_1578765654708{padding-top: 0px !important;padding-bottom: 0px !important;}&#8221; el_id=&#8221;split-section&#8221;][vc_row equal_height=&#8221;yes&#8221; rtl_reverse=&#8221;yes&#8221; content_placement=&#8221;middle&#8221;][vc_column css=&#8221;.vc_custom_1643885307899{padding-top: 100px !important;padding-bottom: 100px !important;}&#8221; offset=&#8221;vc_col-lg-6 vc_col-md-6 vc_col-xs-12&#8243;][vc_row_inner gap=&#8221;35&#8243; css=&#8221;.vc_custom_1578757110145{padding-top: 50px !important;padding-bottom: 50px !important;}&#8221;][vc_column_inner width=&#8221;1\/6&#8243;][\/vc_column_inner][vc_column_inner width=&#8221;2\/3&#8243;][vc_column_text]Promovemos el desarrollo integral de la persona, dando prioridad a los m\u00e1s necesitados. El desarrollo de los recursos h\u00eddricos siempre es una de nuestras prioridades, ya [&hellip;]<\/p>\n","protected":false},"author":1,"featured_media":3149,"parent":0,"menu_order":0,"comment_status":"closed","ping_status":"closed","template":"","meta":{"footnotes":""},"class_list":["post-3120","page","type-page","status-publish","has-post-thumbnail","hentry"],"yoast_head":"<!-- This site is optimized with the Yoast SEO plugin v27.2 - https:\/\/yoast.com\/product\/yoast-seo-wordpress\/ -->\n<title>Qu\u00e9 hacemos - Comunidad misionera de San Pablo Apostol - MCSPA<\/title>\n<meta name=\"robots\" content=\"index, follow, max-snippet:-1, max-image-preview:large, max-video-preview:-1\" \/>\n<link rel=\"canonical\" href=\"https:\/\/mcspa.org\/es\/que-hacemos\/\" \/>\n<meta property=\"og:locale\" content=\"es_ES\" \/>\n<meta property=\"og:type\" content=\"article\" \/>\n<meta property=\"og:title\" content=\"Qu\u00e9 hacemos - Comunidad misionera de San Pablo Apostol - MCSPA\" \/>\n<meta property=\"og:description\" content=\"[vc_section full_width=&#8221;stretch_row_content&#8221; content_placement=&#8221;middle&#8221; css_animation=&#8221;fadeIn&#8221; el_class=&#8221;light-scheme&#8221; css=&#8221;.vc_custom_1578765654708{padding-top: 0px !important;padding-bottom: 0px !important;}&#8221; el_id=&#8221;split-section&#8221;][vc_row equal_height=&#8221;yes&#8221; rtl_reverse=&#8221;yes&#8221; content_placement=&#8221;middle&#8221;][vc_column css=&#8221;.vc_custom_1643885307899{padding-top: 100px !important;padding-bottom: 100px !important;}&#8221; offset=&#8221;vc_col-lg-6 vc_col-md-6 vc_col-xs-12&#8243;][vc_row_inner gap=&#8221;35&#8243; css=&#8221;.vc_custom_1578757110145{padding-top: 50px !important;padding-bottom: 50px !important;}&#8221;][vc_column_inner width=&#8221;1\/6&#8243;][\/vc_column_inner][vc_column_inner width=&#8221;2\/3&#8243;][vc_column_text]Promovemos el desarrollo integral de la persona, dando prioridad a los m\u00e1s necesitados. El desarrollo de los recursos h\u00eddricos siempre es una de nuestras prioridades, ya [&hellip;]\" \/>\n<meta property=\"og:url\" content=\"https:\/\/mcspa.org\/es\/que-hacemos\/\" \/>\n<meta property=\"og:site_name\" content=\"Comunidad misionera de San Pablo Apostol - MCSPA\" \/>\n<meta property=\"article:publisher\" content=\"https:\/\/www.facebook.com\/mcspa\" \/>\n<meta property=\"article:modified_time\" content=\"2022-07-02T07:44:33+00:00\" \/>\n<meta property=\"og:image\" content=\"https:\/\/mcspa.org\/wp-content\/uploads\/2022\/02\/what-we-do-1.jpg\" \/>\n\t<meta property=\"og:image:width\" content=\"1920\" \/>\n\t<meta property=\"og:image:height\" content=\"886\" \/>\n\t<meta property=\"og:image:type\" content=\"image\/jpeg\" \/>\n<meta name=\"twitter:card\" content=\"summary_large_image\" \/>\n<meta name=\"twitter:site\" content=\"@mcspa_org\" \/>\n<meta name=\"twitter:label1\" content=\"Tiempo de lectura\" \/>\n\t<meta name=\"twitter:data1\" content=\"1 minuto\" \/>\n<script type=\"application\/ld+json\" class=\"yoast-schema-graph\">{\"@context\":\"https:\/\/schema.org\",\"@graph\":[{\"@type\":\"WebPage\",\"@id\":\"https:\/\/mcspa.org\/es\/que-hacemos\/\",\"url\":\"https:\/\/mcspa.org\/es\/que-hacemos\/\",\"name\":\"Qu\u00e9 hacemos - Comunidad misionera de San Pablo Apostol - MCSPA\",\"isPartOf\":{\"@id\":\"https:\/\/mcspa.org\/#website\"},\"primaryImageOfPage\":{\"@id\":\"https:\/\/mcspa.org\/es\/que-hacemos\/#primaryimage\"},\"image\":{\"@id\":\"https:\/\/mcspa.org\/es\/que-hacemos\/#primaryimage\"},\"thumbnailUrl\":\"https:\/\/mcspa.org\/wp-content\/uploads\/2022\/02\/what-we-do-1.jpg\",\"datePublished\":\"2022-06-24T12:40:05+00:00\",\"dateModified\":\"2022-07-02T07:44:33+00:00\",\"breadcrumb\":{\"@id\":\"https:\/\/mcspa.org\/es\/que-hacemos\/#breadcrumb\"},\"inLanguage\":\"es\",\"potentialAction\":[{\"@type\":\"ReadAction\",\"target\":[\"https:\/\/mcspa.org\/es\/que-hacemos\/\"]}]},{\"@type\":\"ImageObject\",\"inLanguage\":\"es\",\"@id\":\"https:\/\/mcspa.org\/es\/que-hacemos\/#primaryimage\",\"url\":\"https:\/\/mcspa.org\/wp-content\/uploads\/2022\/02\/what-we-do-1.jpg\",\"contentUrl\":\"https:\/\/mcspa.org\/wp-content\/uploads\/2022\/02\/what-we-do-1.jpg\",\"width\":1920,\"height\":886},{\"@type\":\"BreadcrumbList\",\"@id\":\"https:\/\/mcspa.org\/es\/que-hacemos\/#breadcrumb\",\"itemListElement\":[{\"@type\":\"ListItem\",\"position\":1,\"name\":\"Portada\",\"item\":\"https:\/\/mcspa.org\/es\/agency-homepage\/\"},{\"@type\":\"ListItem\",\"position\":2,\"name\":\"Qu\u00e9 hacemos\"}]},{\"@type\":\"WebSite\",\"@id\":\"https:\/\/mcspa.org\/#website\",\"url\":\"https:\/\/mcspa.org\/\",\"name\":\"Comunidad misionera de San Pablo Apostol - MCSPA\",\"description\":\"\",\"publisher\":{\"@id\":\"https:\/\/mcspa.org\/#organization\"},\"potentialAction\":[{\"@type\":\"SearchAction\",\"target\":{\"@type\":\"EntryPoint\",\"urlTemplate\":\"https:\/\/mcspa.org\/?s={search_term_string}\"},\"query-input\":{\"@type\":\"PropertyValueSpecification\",\"valueRequired\":true,\"valueName\":\"search_term_string\"}}],\"inLanguage\":\"es\"},{\"@type\":\"Organization\",\"@id\":\"https:\/\/mcspa.org\/#organization\",\"name\":\"Missionary Community of St. Paul the Apostle - MCSPA\",\"url\":\"https:\/\/mcspa.org\/\",\"logo\":{\"@type\":\"ImageObject\",\"inLanguage\":\"es\",\"@id\":\"https:\/\/mcspa.org\/#\/schema\/logo\/image\/\",\"url\":\"https:\/\/mcspa.org\/wp-content\/uploads\/2022\/11\/MCSPA-logo-english.png\",\"contentUrl\":\"https:\/\/mcspa.org\/wp-content\/uploads\/2022\/11\/MCSPA-logo-english.png\",\"width\":3614,\"height\":1244,\"caption\":\"Missionary Community of St. Paul the Apostle - MCSPA\"},\"image\":{\"@id\":\"https:\/\/mcspa.org\/#\/schema\/logo\/image\/\"},\"sameAs\":[\"https:\/\/www.facebook.com\/mcspa\",\"https:\/\/x.com\/mcspa_org\",\"https:\/\/www.instagram.com\/mcspa_mmc\/\",\"https:\/\/www.youtube.com\/channel\/UC1df8SuPOPbFtMhlokt9gZQ\",\"https:\/\/www.youtube.com\/c\/MCSPA\"]}]}<\/script>\n<!-- \/ Yoast SEO plugin. -->","yoast_head_json":{"title":"Qu\u00e9 hacemos - Comunidad misionera de San Pablo Apostol - MCSPA","robots":{"index":"index","follow":"follow","max-snippet":"max-snippet:-1","max-image-preview":"max-image-preview:large","max-video-preview":"max-video-preview:-1"},"canonical":"https:\/\/mcspa.org\/es\/que-hacemos\/","og_locale":"es_ES","og_type":"article","og_title":"Qu\u00e9 hacemos - Comunidad misionera de San Pablo Apostol - MCSPA","og_description":"[vc_section full_width=&#8221;stretch_row_content&#8221; content_placement=&#8221;middle&#8221; css_animation=&#8221;fadeIn&#8221; el_class=&#8221;light-scheme&#8221; css=&#8221;.vc_custom_1578765654708{padding-top: 0px !important;padding-bottom: 0px !important;}&#8221; el_id=&#8221;split-section&#8221;][vc_row equal_height=&#8221;yes&#8221; rtl_reverse=&#8221;yes&#8221; content_placement=&#8221;middle&#8221;][vc_column css=&#8221;.vc_custom_1643885307899{padding-top: 100px !important;padding-bottom: 100px !important;}&#8221; offset=&#8221;vc_col-lg-6 vc_col-md-6 vc_col-xs-12&#8243;][vc_row_inner gap=&#8221;35&#8243; css=&#8221;.vc_custom_1578757110145{padding-top: 50px !important;padding-bottom: 50px !important;}&#8221;][vc_column_inner width=&#8221;1\/6&#8243;][\/vc_column_inner][vc_column_inner width=&#8221;2\/3&#8243;][vc_column_text]Promovemos el desarrollo integral de la persona, dando prioridad a los m\u00e1s necesitados. El desarrollo de los recursos h\u00eddricos siempre es una de nuestras prioridades, ya [&hellip;]","og_url":"https:\/\/mcspa.org\/es\/que-hacemos\/","og_site_name":"Comunidad misionera de San Pablo Apostol - MCSPA","article_publisher":"https:\/\/www.facebook.com\/mcspa","article_modified_time":"2022-07-02T07:44:33+00:00","og_image":[{"width":1920,"height":886,"url":"https:\/\/mcspa.org\/wp-content\/uploads\/2022\/02\/what-we-do-1.jpg","type":"image\/jpeg"}],"twitter_card":"summary_large_image","twitter_site":"@mcspa_org","twitter_misc":{"Tiempo de lectura":"1 minuto"},"schema":{"@context":"https:\/\/schema.org","@graph":[{"@type":"WebPage","@id":"https:\/\/mcspa.org\/es\/que-hacemos\/","url":"https:\/\/mcspa.org\/es\/que-hacemos\/","name":"Qu\u00e9 hacemos - Comunidad misionera de San Pablo Apostol - MCSPA","isPartOf":{"@id":"https:\/\/mcspa.org\/#website"},"primaryImageOfPage":{"@id":"https:\/\/mcspa.org\/es\/que-hacemos\/#primaryimage"},"image":{"@id":"https:\/\/mcspa.org\/es\/que-hacemos\/#primaryimage"},"thumbnailUrl":"https:\/\/mcspa.org\/wp-content\/uploads\/2022\/02\/what-we-do-1.jpg","datePublished":"2022-06-24T12:40:05+00:00","dateModified":"2022-07-02T07:44:33+00:00","breadcrumb":{"@id":"https:\/\/mcspa.org\/es\/que-hacemos\/#breadcrumb"},"inLanguage":"es","potentialAction":[{"@type":"ReadAction","target":["https:\/\/mcspa.org\/es\/que-hacemos\/"]}]},{"@type":"ImageObject","inLanguage":"es","@id":"https:\/\/mcspa.org\/es\/que-hacemos\/#primaryimage","url":"https:\/\/mcspa.org\/wp-content\/uploads\/2022\/02\/what-we-do-1.jpg","contentUrl":"https:\/\/mcspa.org\/wp-content\/uploads\/2022\/02\/what-we-do-1.jpg","width":1920,"height":886},{"@type":"BreadcrumbList","@id":"https:\/\/mcspa.org\/es\/que-hacemos\/#breadcrumb","itemListElement":[{"@type":"ListItem","position":1,"name":"Portada","item":"https:\/\/mcspa.org\/es\/agency-homepage\/"},{"@type":"ListItem","position":2,"name":"Qu\u00e9 hacemos"}]},{"@type":"WebSite","@id":"https:\/\/mcspa.org\/#website","url":"https:\/\/mcspa.org\/","name":"Comunidad misionera de San Pablo Apostol - MCSPA","description":"","publisher":{"@id":"https:\/\/mcspa.org\/#organization"},"potentialAction":[{"@type":"SearchAction","target":{"@type":"EntryPoint","urlTemplate":"https:\/\/mcspa.org\/?s={search_term_string}"},"query-input":{"@type":"PropertyValueSpecification","valueRequired":true,"valueName":"search_term_string"}}],"inLanguage":"es"},{"@type":"Organization","@id":"https:\/\/mcspa.org\/#organization","name":"Missionary Community of St. Paul the Apostle - MCSPA","url":"https:\/\/mcspa.org\/","logo":{"@type":"ImageObject","inLanguage":"es","@id":"https:\/\/mcspa.org\/#\/schema\/logo\/image\/","url":"https:\/\/mcspa.org\/wp-content\/uploads\/2022\/11\/MCSPA-logo-english.png","contentUrl":"https:\/\/mcspa.org\/wp-content\/uploads\/2022\/11\/MCSPA-logo-english.png","width":3614,"height":1244,"caption":"Missionary Community of St. Paul the Apostle - MCSPA"},"image":{"@id":"https:\/\/mcspa.org\/#\/schema\/logo\/image\/"},"sameAs":["https:\/\/www.facebook.com\/mcspa","https:\/\/x.com\/mcspa_org","https:\/\/www.instagram.com\/mcspa_mmc\/","https:\/\/www.youtube.com\/channel\/UC1df8SuPOPbFtMhlokt9gZQ","https:\/\/www.youtube.com\/c\/MCSPA"]}]}},"_links":{"self":[{"href":"https:\/\/mcspa.org\/es\/wp-json\/wp\/v2\/pages\/3120","targetHints":{"allow":["GET"]}}],"collection":[{"href":"https:\/\/mcspa.org\/es\/wp-json\/wp\/v2\/pages"}],"about":[{"href":"https:\/\/mcspa.org\/es\/wp-json\/wp\/v2\/types\/page"}],"author":[{"embeddable":true,"href":"https:\/\/mcspa.org\/es\/wp-json\/wp\/v2\/users\/1"}],"replies":[{"embeddable":true,"href":"https:\/\/mcspa.org\/es\/wp-json\/wp\/v2\/comments?post=3120"}],"version-history":[{"count":5,"href":"https:\/\/mcspa.org\/es\/wp-json\/wp\/v2\/pages\/3120\/revisions"}],"predecessor-version":[{"id":3427,"href":"https:\/\/mcspa.org\/es\/wp-json\/wp\/v2\/pages\/3120\/revisions\/3427"}],"wp:featuredmedia":[{"embeddable":true,"href":"https:\/\/mcspa.org\/es\/wp-json\/wp\/v2\/media\/3149"}],"wp:attachment":[{"href":"https:\/\/mcspa.org\/es\/wp-json\/wp\/v2\/media?parent=3120"}],"curies":[{"name":"wp","href":"https:\/\/api.w.org\/{rel}","templated":true}]}}