{"id":2965,"date":"2021-09-23T17:20:19","date_gmt":"2021-09-23T14:20:19","guid":{"rendered":"http:\/\/mcspa.org\/?page_id=2965"},"modified":"2024-04-29T11:01:33","modified_gmt":"2024-04-29T08:01:33","slug":"organigrama","status":"publish","type":"page","link":"https:\/\/mcspa.org\/es\/organigrama\/","title":{"rendered":"Organigrama"},"content":{"rendered":"<div class=\"wpb-content-wrapper\"><p>[vc_section full_width=&#8221;stretch_row_content&#8221; content_placement=&#8221;middle&#8221; css_animation=&#8221;fadeIn&#8221; el_class=&#8221;light-scheme&#8221; css=&#8221;.vc_custom_1578765654708{padding-top: 0px !important;padding-bottom: 0px !important;}&#8221; el_id=&#8221;split-section&#8221;][vc_row equal_height=&#8221;yes&#8221; rtl_reverse=&#8221;yes&#8221; content_placement=&#8221;middle&#8221;][vc_column width=&#8221;1\/4&#8243; css=&#8221;.vc_custom_1643890612491{padding-top: 150px !important;padding-bottom: 150px !important;}&#8221; offset=&#8221;vc_hidden-sm vc_hidden-xs&#8221;][\/vc_column][vc_column offset=&#8221;vc_col-lg-6 vc_col-md-6&#8243; css=&#8221;.vc_custom_1713942809373{padding-top: 50px !important;}&#8221;][vc_single_image image=&#8221;8854&#8243; img_size=&#8221;full&#8221; alignment=&#8221;center&#8221;][vc_row_inner gap=&#8221;35&#8243; disable_element=&#8221;yes&#8221; css=&#8221;.vc_custom_1714377554880{padding-top: 50px !important;padding-bottom: 25px !important;}&#8221;][vc_column_inner width=&#8221;1\/4&#8243;][vc_single_image image=&#8221;3104&#8243; img_size=&#8221;full&#8221;][\/vc_column_inner][vc_column_inner width=&#8221;3\/4&#8243;][vc_column_text]<\/p>\n<h3><strong>Presidente<\/strong><\/h3>\n<p><strong>P. Fernando Aguirre<\/strong><br \/>\n<span style=\"font-weight: 400;\">Licenciado en Teolog\u00eda, Universidad Cat\u00f3lica de Lovaina. Master en Trabajo Social, Universidad Cat\u00f3lica de \u00c1frica del Este, Nairobi. <\/span>[\/vc_column_text][\/vc_column_inner][\/vc_row_inner][vc_row_inner gap=&#8221;35&#8243; css=&#8221;.vc_custom_1643883419982{padding-top: 25px !important;padding-bottom: 25px !important;}&#8221;][vc_column_inner width=&#8221;1\/4&#8243;][vc_single_image image=&#8221;8899&#8243; img_size=&#8221;full&#8221;][\/vc_column_inner][vc_column_inner width=&#8221;3\/4&#8243;][vc_column_text]<\/p>\n<h3><strong>Presidenta<\/strong><\/h3>\n<p><strong>Scholastica Wamalwa<\/strong><br \/>\n<span style=\"font-weight: 400;\">Ingres\u00f3 en la MCSPA en 1993. Actualmente trabaja en la casa madre de la MCSPA en la misi\u00f3n de Nariokotome en Turkana, Kenia.<\/span>[\/vc_column_text][\/vc_column_inner][\/vc_row_inner][vc_row_inner gap=&#8221;35&#8243; css=&#8221;.vc_custom_1643883419982{padding-top: 25px !important;padding-bottom: 25px !important;}&#8221;][vc_column_inner width=&#8221;1\/4&#8243;][vc_single_image image=&#8221;8897&#8243; img_size=&#8221;full&#8221;][\/vc_column_inner][vc_column_inner width=&#8221;3\/4&#8243;][vc_column_text]<\/p>\n<h3><strong>Vicepresidente<\/strong><\/h3>\n<p><strong>Antonio Jos\u00e9 Aguirre Herrera<\/strong><br \/>\n<span style=\"font-weight: 400;\">Ingres\u00f3 en la MCSPA en 1985. Actualmente trabaja en la casa madre de la MCSPA en la misi\u00f3n de Nariokotome en Turkana, Kenia.<\/span>[\/vc_column_text][\/vc_column_inner][\/vc_row_inner][vc_row_inner gap=&#8221;35&#8243; disable_element=&#8221;yes&#8221; css=&#8221;.vc_custom_1714377577768{padding-top: 25px !important;padding-bottom: 25px !important;}&#8221;][vc_column_inner width=&#8221;1\/4&#8243;][vc_single_image image=&#8221;3106&#8243; img_size=&#8221;full&#8221;][\/vc_column_inner][vc_column_inner width=&#8221;3\/4&#8243;][vc_column_text]<\/p>\n<h3><strong>Secretario<\/strong><\/h3>\n<p><strong>P. Francis Teo<\/strong><br \/>\n<span style=\"font-weight: 400;\">Licenciado en Filosof\u00eda por la Universidad Cat\u00f3lica de Lovaina. Licenciado en Teolog\u00eda por la Universidad Cat\u00f3lica de \u00c1frica del Este, Nairobi. Licenciado en Derecho Can\u00f3nico por la Universidad de Santo Tomas (Filipinas).<\/span>[\/vc_column_text][\/vc_column_inner][\/vc_row_inner][vc_row_inner gap=&#8221;35&#8243; css=&#8221;.vc_custom_1643883447809{padding-top: 25px !important;padding-bottom: 25px !important;}&#8221;][vc_column_inner width=&#8221;1\/4&#8243;][vc_single_image image=&#8221;8893&#8243; img_size=&#8221;full&#8221;][\/vc_column_inner][vc_column_inner width=&#8221;3\/4&#8243;][vc_column_text]<\/p>\n<h3><strong>Secretario<\/strong><\/h3>\n<p><b>Denis Odongo Owino<\/b><br \/>\n<span style=\"font-weight: 400;\">Ingres\u00f3 en la MCSPA en 2001. Actualmente trabaja en la casa madre de la MCSPA en la misi\u00f3n de Nariokotome en Turkana, Kenia.<\/span>[\/vc_column_text][\/vc_column_inner][\/vc_row_inner][vc_row_inner gap=&#8221;35&#8243; css=&#8221;.vc_custom_1643883476921{padding-top: 25px !important;padding-bottom: 25px !important;}&#8221;][vc_column_inner width=&#8221;1\/4&#8243;][vc_single_image image=&#8221;8903&#8243; img_size=&#8221;full&#8221;][\/vc_column_inner][vc_column_inner width=&#8221;3\/4&#8243;][vc_column_text]<\/p>\n<h3><strong>Asistente de secretar\u00eda<\/strong><\/h3>\n<p><strong>Sarai Zavala Acosta<\/strong><br \/>\n<span style=\"font-weight: 400;\">Se incorpor\u00f3 a la MCSPA en 2003. Actualmente trabaja en la misi\u00f3n de la MCSPA de Mizan Teferi, en Etiop\u00eda.<\/span>[\/vc_column_text][\/vc_column_inner][\/vc_row_inner][vc_row_inner gap=&#8221;35&#8243; css=&#8221;.vc_custom_1643883457690{padding-top: 25px !important;padding-bottom: 25px !important;}&#8221;][vc_column_inner width=&#8221;1\/4&#8243;][vc_single_image image=&#8221;8895&#8243; img_size=&#8221;full&#8221;][\/vc_column_inner][vc_column_inner width=&#8221;3\/4&#8243;][vc_column_text]<\/p>\n<h3><strong>Administrador financiero<\/strong><\/h3>\n<p><b>Andrew Yakulula Muyere<\/b><br \/>\n<span style=\"font-weight: 400;\">Se incorpor\u00f3 a la MCSPA en 2003. Actualmente trabaja en la misi\u00f3n de la MCSPA de Lobur, en Turkana (Kenia).<\/span>[\/vc_column_text][\/vc_column_inner][\/vc_row_inner][vc_row_inner gap=&#8221;35&#8243; disable_element=&#8221;yes&#8221; css=&#8221;.vc_custom_1714377650244{padding-top: 25px !important;padding-bottom: 25px !important;}&#8221;][vc_column_inner width=&#8221;1\/4&#8243;][vc_single_image image=&#8221;3108&#8243; img_size=&#8221;full&#8221;][\/vc_column_inner][vc_column_inner width=&#8221;3\/4&#8243;][vc_column_text]<\/p>\n<h3><strong>Directora de la rama femenina<\/strong><\/h3>\n<p><strong>D\u00f1a. Lourdes Larruy<\/strong><\/p>\n<p><span style=\"font-weight: 400;\">Licenciada en Filosof\u00eda y Ciencias de la Educaci\u00f3n por la Universidad Central de Barcelona.\u00a0Diplomada en Enfermer\u00eda por la Universidad Aut\u00f3noma de Barcelona.\u00a0<\/span><span style=\"font-weight: 400;\">Licenciada en Ciencias Religiosas por la Universidad La Salle en Ciudad de M\u00e9xico.\u00a0<\/span>[\/vc_column_text][\/vc_column_inner][\/vc_row_inner][vc_row_inner gap=&#8221;35&#8243; css=&#8221;.vc_custom_1643883476921{padding-top: 25px !important;padding-bottom: 25px !important;}&#8221;][vc_column_inner width=&#8221;1\/4&#8243;][vc_single_image image=&#8221;8901&#8243; img_size=&#8221;full&#8221;][\/vc_column_inner][vc_column_inner width=&#8221;3\/4&#8243;][vc_column_text]<\/p>\n<h3><strong>Directora de la rama femenina<\/strong><\/h3>\n<p><strong>Eleni Tsegaw Zewde<\/strong><br \/>\n<span style=\"font-weight: 400;\">Ingres\u00f3 en la MCSPA en 1997. Actualmente est\u00e1 destinada y trabaja en la misi\u00f3n de la MCSPA de Kokuselei, en Turkana (Kenia).<\/span>[\/vc_column_text][\/vc_column_inner][\/vc_row_inner][vc_row_inner gap=&#8221;35&#8243; css=&#8221;.vc_custom_1643883476921{padding-top: 25px !important;padding-bottom: 25px !important;}&#8221;][vc_column_inner width=&#8221;1\/4&#8243;][vc_single_image image=&#8221;8905&#8243; img_size=&#8221;full&#8221;][\/vc_column_inner][vc_column_inner width=&#8221;3\/4&#8243;][vc_column_text]<\/p>\n<h3><strong>Director de la rama masculina<\/strong><\/h3>\n<p><strong>Alejandro Jos\u00e9 Camp\u00f3n Brugada<\/strong><br \/>\n<span style=\"font-weight: 400;\">Ingres\u00f3 en la MCSPA en 1986. Actualmente se encuentra y trabaja en la casa de formaci\u00f3n de la MCSPA en Manila, Filipinas.<\/span>[\/vc_column_text][\/vc_column_inner][\/vc_row_inner][vc_row_inner gap=&#8221;35&#8243; disable_element=&#8221;yes&#8221; css=&#8221;.vc_custom_1714377679587{padding-top: 25px !important;padding-bottom: 25px !important;}&#8221;][vc_column_inner width=&#8221;1\/4&#8243;][vc_single_image image=&#8221;3110&#8243; img_size=&#8221;full&#8221;][\/vc_column_inner][vc_column_inner width=&#8221;3\/4&#8243;][vc_column_text]<\/p>\n<h3><strong>Director de la rama masculina<\/strong><\/h3>\n<p><strong>P. Manuel Hernandez<\/strong><br \/>\n<span style=\"font-weight: 400;\">Diploma en Turismo, Escuela de Turismo de Salamanca. Licenciado en Filosof\u00eda por la UNED, Madrid. Licenciado en Teolog\u00eda por la Universidad de \u00c1frica del Este, Nairobi. M\u00e1ster en Cooperaci\u00f3n Internacional y desarrollo por la Universidad Pontificia de Comillas, Madrid. <\/span>[\/vc_column_text][\/vc_column_inner][\/vc_row_inner][\/vc_column][vc_column width=&#8221;1\/4&#8243; offset=&#8221;vc_hidden-sm vc_hidden-xs&#8221;][\/vc_column][\/vc_row][\/vc_section]<\/p>\n<\/div>","protected":false},"excerpt":{"rendered":"<p>[vc_section full_width=&#8221;stretch_row_content&#8221; content_placement=&#8221;middle&#8221; css_animation=&#8221;fadeIn&#8221; el_class=&#8221;light-scheme&#8221; css=&#8221;.vc_custom_1578765654708{padding-top: 0px !important;padding-bottom: 0px !important;}&#8221; el_id=&#8221;split-section&#8221;][vc_row equal_height=&#8221;yes&#8221; rtl_reverse=&#8221;yes&#8221; content_placement=&#8221;middle&#8221;][vc_column width=&#8221;1\/4&#8243; css=&#8221;.vc_custom_1643890612491{padding-top: 150px !important;padding-bottom: 150px !important;}&#8221; offset=&#8221;vc_hidden-sm vc_hidden-xs&#8221;][\/vc_column][vc_column offset=&#8221;vc_col-lg-6 vc_col-md-6&#8243; css=&#8221;.vc_custom_1713942809373{padding-top: 50px !important;}&#8221;][vc_single_image image=&#8221;8854&#8243; img_size=&#8221;full&#8221; alignment=&#8221;center&#8221;][vc_row_inner gap=&#8221;35&#8243; disable_element=&#8221;yes&#8221; css=&#8221;.vc_custom_1714377554880{padding-top: 50px !important;padding-bottom: 25px !important;}&#8221;][vc_column_inner width=&#8221;1\/4&#8243;][vc_single_image image=&#8221;3104&#8243; img_size=&#8221;full&#8221;][\/vc_column_inner][vc_column_inner width=&#8221;3\/4&#8243;][vc_column_text] Presidente P. Fernando Aguirre Licenciado en Teolog\u00eda, Universidad Cat\u00f3lica de Lovaina. Master en Trabajo [&hellip;]<\/p>\n","protected":false},"author":1,"featured_media":0,"parent":0,"menu_order":0,"comment_status":"closed","ping_status":"closed","template":"","meta":{"footnotes":""},"class_list":["post-2965","page","type-page","status-publish","hentry"],"yoast_head":"<!-- This site is optimized with the Yoast SEO plugin v27.2 - https:\/\/yoast.com\/product\/yoast-seo-wordpress\/ -->\n<title>Organigrama - Comunidad misionera de San Pablo Apostol - MCSPA<\/title>\n<meta name=\"robots\" content=\"index, follow, max-snippet:-1, max-image-preview:large, max-video-preview:-1\" \/>\n<link rel=\"canonical\" href=\"https:\/\/mcspa.org\/es\/organigrama\/\" \/>\n<meta property=\"og:locale\" content=\"es_ES\" \/>\n<meta property=\"og:type\" content=\"article\" \/>\n<meta property=\"og:title\" content=\"Organigrama - Comunidad misionera de San Pablo Apostol - MCSPA\" \/>\n<meta property=\"og:description\" content=\"[vc_section full_width=&#8221;stretch_row_content&#8221; content_placement=&#8221;middle&#8221; css_animation=&#8221;fadeIn&#8221; el_class=&#8221;light-scheme&#8221; css=&#8221;.vc_custom_1578765654708{padding-top: 0px !important;padding-bottom: 0px !important;}&#8221; el_id=&#8221;split-section&#8221;][vc_row equal_height=&#8221;yes&#8221; rtl_reverse=&#8221;yes&#8221; content_placement=&#8221;middle&#8221;][vc_column width=&#8221;1\/4&#8243; css=&#8221;.vc_custom_1643890612491{padding-top: 150px !important;padding-bottom: 150px !important;}&#8221; offset=&#8221;vc_hidden-sm vc_hidden-xs&#8221;][\/vc_column][vc_column offset=&#8221;vc_col-lg-6 vc_col-md-6&#8243; css=&#8221;.vc_custom_1713942809373{padding-top: 50px !important;}&#8221;][vc_single_image image=&#8221;8854&#8243; img_size=&#8221;full&#8221; alignment=&#8221;center&#8221;][vc_row_inner gap=&#8221;35&#8243; disable_element=&#8221;yes&#8221; css=&#8221;.vc_custom_1714377554880{padding-top: 50px !important;padding-bottom: 25px !important;}&#8221;][vc_column_inner width=&#8221;1\/4&#8243;][vc_single_image image=&#8221;3104&#8243; img_size=&#8221;full&#8221;][\/vc_column_inner][vc_column_inner width=&#8221;3\/4&#8243;][vc_column_text] Presidente P. Fernando Aguirre Licenciado en Teolog\u00eda, Universidad Cat\u00f3lica de Lovaina. Master en Trabajo [&hellip;]\" \/>\n<meta property=\"og:url\" content=\"https:\/\/mcspa.org\/es\/organigrama\/\" \/>\n<meta property=\"og:site_name\" content=\"Comunidad misionera de San Pablo Apostol - MCSPA\" \/>\n<meta property=\"article:publisher\" content=\"https:\/\/www.facebook.com\/mcspa\" \/>\n<meta property=\"article:modified_time\" content=\"2024-04-29T08:01:33+00:00\" \/>\n<meta name=\"twitter:card\" content=\"summary_large_image\" \/>\n<meta name=\"twitter:site\" content=\"@mcspa_org\" \/>\n<meta name=\"twitter:label1\" content=\"Tiempo de lectura\" \/>\n\t<meta name=\"twitter:data1\" content=\"3 minutos\" \/>\n<script type=\"application\/ld+json\" class=\"yoast-schema-graph\">{\"@context\":\"https:\/\/schema.org\",\"@graph\":[{\"@type\":\"WebPage\",\"@id\":\"https:\/\/mcspa.org\/es\/organigrama\/\",\"url\":\"https:\/\/mcspa.org\/es\/organigrama\/\",\"name\":\"Organigrama - Comunidad misionera de San Pablo Apostol - MCSPA\",\"isPartOf\":{\"@id\":\"https:\/\/mcspa.org\/#website\"},\"datePublished\":\"2021-09-23T14:20:19+00:00\",\"dateModified\":\"2024-04-29T08:01:33+00:00\",\"breadcrumb\":{\"@id\":\"https:\/\/mcspa.org\/es\/organigrama\/#breadcrumb\"},\"inLanguage\":\"es\",\"potentialAction\":[{\"@type\":\"ReadAction\",\"target\":[\"https:\/\/mcspa.org\/es\/organigrama\/\"]}]},{\"@type\":\"BreadcrumbList\",\"@id\":\"https:\/\/mcspa.org\/es\/organigrama\/#breadcrumb\",\"itemListElement\":[{\"@type\":\"ListItem\",\"position\":1,\"name\":\"Portada\",\"item\":\"https:\/\/mcspa.org\/es\/agency-homepage\/\"},{\"@type\":\"ListItem\",\"position\":2,\"name\":\"Organigrama\"}]},{\"@type\":\"WebSite\",\"@id\":\"https:\/\/mcspa.org\/#website\",\"url\":\"https:\/\/mcspa.org\/\",\"name\":\"Comunidad misionera de San Pablo Apostol - MCSPA\",\"description\":\"\",\"publisher\":{\"@id\":\"https:\/\/mcspa.org\/#organization\"},\"potentialAction\":[{\"@type\":\"SearchAction\",\"target\":{\"@type\":\"EntryPoint\",\"urlTemplate\":\"https:\/\/mcspa.org\/?s={search_term_string}\"},\"query-input\":{\"@type\":\"PropertyValueSpecification\",\"valueRequired\":true,\"valueName\":\"search_term_string\"}}],\"inLanguage\":\"es\"},{\"@type\":\"Organization\",\"@id\":\"https:\/\/mcspa.org\/#organization\",\"name\":\"Missionary Community of St. Paul the Apostle - MCSPA\",\"url\":\"https:\/\/mcspa.org\/\",\"logo\":{\"@type\":\"ImageObject\",\"inLanguage\":\"es\",\"@id\":\"https:\/\/mcspa.org\/#\/schema\/logo\/image\/\",\"url\":\"https:\/\/mcspa.org\/wp-content\/uploads\/2022\/11\/MCSPA-logo-english.png\",\"contentUrl\":\"https:\/\/mcspa.org\/wp-content\/uploads\/2022\/11\/MCSPA-logo-english.png\",\"width\":3614,\"height\":1244,\"caption\":\"Missionary Community of St. Paul the Apostle - MCSPA\"},\"image\":{\"@id\":\"https:\/\/mcspa.org\/#\/schema\/logo\/image\/\"},\"sameAs\":[\"https:\/\/www.facebook.com\/mcspa\",\"https:\/\/x.com\/mcspa_org\",\"https:\/\/www.instagram.com\/mcspa_mmc\/\",\"https:\/\/www.youtube.com\/channel\/UC1df8SuPOPbFtMhlokt9gZQ\",\"https:\/\/www.youtube.com\/c\/MCSPA\"]}]}<\/script>\n<!-- \/ Yoast SEO plugin. -->","yoast_head_json":{"title":"Organigrama - Comunidad misionera de San Pablo Apostol - MCSPA","robots":{"index":"index","follow":"follow","max-snippet":"max-snippet:-1","max-image-preview":"max-image-preview:large","max-video-preview":"max-video-preview:-1"},"canonical":"https:\/\/mcspa.org\/es\/organigrama\/","og_locale":"es_ES","og_type":"article","og_title":"Organigrama - Comunidad misionera de San Pablo Apostol - MCSPA","og_description":"[vc_section full_width=&#8221;stretch_row_content&#8221; content_placement=&#8221;middle&#8221; css_animation=&#8221;fadeIn&#8221; el_class=&#8221;light-scheme&#8221; css=&#8221;.vc_custom_1578765654708{padding-top: 0px !important;padding-bottom: 0px !important;}&#8221; el_id=&#8221;split-section&#8221;][vc_row equal_height=&#8221;yes&#8221; rtl_reverse=&#8221;yes&#8221; content_placement=&#8221;middle&#8221;][vc_column width=&#8221;1\/4&#8243; css=&#8221;.vc_custom_1643890612491{padding-top: 150px !important;padding-bottom: 150px !important;}&#8221; offset=&#8221;vc_hidden-sm vc_hidden-xs&#8221;][\/vc_column][vc_column offset=&#8221;vc_col-lg-6 vc_col-md-6&#8243; css=&#8221;.vc_custom_1713942809373{padding-top: 50px !important;}&#8221;][vc_single_image image=&#8221;8854&#8243; img_size=&#8221;full&#8221; alignment=&#8221;center&#8221;][vc_row_inner gap=&#8221;35&#8243; disable_element=&#8221;yes&#8221; css=&#8221;.vc_custom_1714377554880{padding-top: 50px !important;padding-bottom: 25px !important;}&#8221;][vc_column_inner width=&#8221;1\/4&#8243;][vc_single_image image=&#8221;3104&#8243; img_size=&#8221;full&#8221;][\/vc_column_inner][vc_column_inner width=&#8221;3\/4&#8243;][vc_column_text] Presidente P. Fernando Aguirre Licenciado en Teolog\u00eda, Universidad Cat\u00f3lica de Lovaina. Master en Trabajo [&hellip;]","og_url":"https:\/\/mcspa.org\/es\/organigrama\/","og_site_name":"Comunidad misionera de San Pablo Apostol - MCSPA","article_publisher":"https:\/\/www.facebook.com\/mcspa","article_modified_time":"2024-04-29T08:01:33+00:00","twitter_card":"summary_large_image","twitter_site":"@mcspa_org","twitter_misc":{"Tiempo de lectura":"3 minutos"},"schema":{"@context":"https:\/\/schema.org","@graph":[{"@type":"WebPage","@id":"https:\/\/mcspa.org\/es\/organigrama\/","url":"https:\/\/mcspa.org\/es\/organigrama\/","name":"Organigrama - Comunidad misionera de San Pablo Apostol - MCSPA","isPartOf":{"@id":"https:\/\/mcspa.org\/#website"},"datePublished":"2021-09-23T14:20:19+00:00","dateModified":"2024-04-29T08:01:33+00:00","breadcrumb":{"@id":"https:\/\/mcspa.org\/es\/organigrama\/#breadcrumb"},"inLanguage":"es","potentialAction":[{"@type":"ReadAction","target":["https:\/\/mcspa.org\/es\/organigrama\/"]}]},{"@type":"BreadcrumbList","@id":"https:\/\/mcspa.org\/es\/organigrama\/#breadcrumb","itemListElement":[{"@type":"ListItem","position":1,"name":"Portada","item":"https:\/\/mcspa.org\/es\/agency-homepage\/"},{"@type":"ListItem","position":2,"name":"Organigrama"}]},{"@type":"WebSite","@id":"https:\/\/mcspa.org\/#website","url":"https:\/\/mcspa.org\/","name":"Comunidad misionera de San Pablo Apostol - MCSPA","description":"","publisher":{"@id":"https:\/\/mcspa.org\/#organization"},"potentialAction":[{"@type":"SearchAction","target":{"@type":"EntryPoint","urlTemplate":"https:\/\/mcspa.org\/?s={search_term_string}"},"query-input":{"@type":"PropertyValueSpecification","valueRequired":true,"valueName":"search_term_string"}}],"inLanguage":"es"},{"@type":"Organization","@id":"https:\/\/mcspa.org\/#organization","name":"Missionary Community of St. Paul the Apostle - MCSPA","url":"https:\/\/mcspa.org\/","logo":{"@type":"ImageObject","inLanguage":"es","@id":"https:\/\/mcspa.org\/#\/schema\/logo\/image\/","url":"https:\/\/mcspa.org\/wp-content\/uploads\/2022\/11\/MCSPA-logo-english.png","contentUrl":"https:\/\/mcspa.org\/wp-content\/uploads\/2022\/11\/MCSPA-logo-english.png","width":3614,"height":1244,"caption":"Missionary Community of St. Paul the Apostle - MCSPA"},"image":{"@id":"https:\/\/mcspa.org\/#\/schema\/logo\/image\/"},"sameAs":["https:\/\/www.facebook.com\/mcspa","https:\/\/x.com\/mcspa_org","https:\/\/www.instagram.com\/mcspa_mmc\/","https:\/\/www.youtube.com\/channel\/UC1df8SuPOPbFtMhlokt9gZQ","https:\/\/www.youtube.com\/c\/MCSPA"]}]}},"_links":{"self":[{"href":"https:\/\/mcspa.org\/es\/wp-json\/wp\/v2\/pages\/2965","targetHints":{"allow":["GET"]}}],"collection":[{"href":"https:\/\/mcspa.org\/es\/wp-json\/wp\/v2\/pages"}],"about":[{"href":"https:\/\/mcspa.org\/es\/wp-json\/wp\/v2\/types\/page"}],"author":[{"embeddable":true,"href":"https:\/\/mcspa.org\/es\/wp-json\/wp\/v2\/users\/1"}],"replies":[{"embeddable":true,"href":"https:\/\/mcspa.org\/es\/wp-json\/wp\/v2\/comments?post=2965"}],"version-history":[{"count":17,"href":"https:\/\/mcspa.org\/es\/wp-json\/wp\/v2\/pages\/2965\/revisions"}],"predecessor-version":[{"id":8907,"href":"https:\/\/mcspa.org\/es\/wp-json\/wp\/v2\/pages\/2965\/revisions\/8907"}],"wp:attachment":[{"href":"https:\/\/mcspa.org\/es\/wp-json\/wp\/v2\/media?parent=2965"}],"curies":[{"name":"wp","href":"https:\/\/api.w.org\/{rel}","templated":true}]}}