{"id":1881,"date":"2021-07-15T10:19:58","date_gmt":"2021-07-15T07:19:58","guid":{"rendered":"http:\/\/mcspa.org\/?page_id=1881"},"modified":"2022-09-14T17:31:54","modified_gmt":"2022-09-14T14:31:54","slug":"politica-cookies","status":"publish","type":"page","link":"https:\/\/mcspa.org\/es\/politica-cookies\/","title":{"rendered":"Pol\u00edtica de cookies"},"content":{"rendered":"<div class=\"wpb-content-wrapper\"><p>[vc_section full_width=&#8221;stretch_row&#8221; content_placement=&#8221;middle&#8221; css_animation=&#8221;fadeIn&#8221; el_class=&#8221;light-scheme&#8221; css=&#8221;.vc_custom_1626331054745{padding-top: 100px !important;padding-bottom: 100px !important;background-color: #f8f8f8 !important;}&#8221;][vc_row][vc_column width=&#8221;1\/6&#8243;][\/vc_column][vc_column width=&#8221;2\/3&#8243;][vc_column_text css=&#8221;.vc_custom_1663165909347{padding-top: 30px !important;}&#8221;]<\/p>\n<h3><strong> Uso de cookies<\/strong><\/h3>\n<p><span style=\"font-weight: 400;\">La p\u00e1gina web\u00a0 MCSPA.ORG titularidad de Missionary Community of St. Paul the Apostle utiliza cookies.<\/span><\/p>\n<p><span style=\"font-weight: 400;\">Las cookies son ficheros que se descargan en su ordenador al acceder a determinadas p\u00e1ginas web. Las cookies permiten a una p\u00e1gina web, entre otras cosas, almacenar y recuperar informaci\u00f3n sobre los h\u00e1bitos de navegaci\u00f3n de un usuario o de su equipo y, dependiendo de la informaci\u00f3n que contengan y de la forma en que utilice su equipo.<\/span><\/p>\n<p><span style=\"font-weight: 400;\">Adem\u00e1s, mejoran su proceso de navegaci\u00f3n, ya que permiten que la p\u00e1gina web ofrezca al usuario informaci\u00f3n que puede ser de su inter\u00e9s en funci\u00f3n del uso que realice, del contenido de la misma.<\/span><\/p>\n<p><span style=\"font-weight: 400;\">En caso de no querer recibir cookies, por favor configure su navegador de Internet, para que las borre del disco duro de su ordenador, las bloquee o le avise en caso de instalaci\u00f3n de las mismas. Para continuar sin cambios en la configuraci\u00f3n de las cookies, simplemente, contin\u00fae en la p\u00e1gina web.<\/span><\/p>\n<h3><strong> Consentimiento<\/strong><\/h3>\n<p><span style=\"font-weight: 400;\">Las cookies que utilizamos no almacenan dato personal alguno, ni ning\u00fan tipo de informaci\u00f3n que pueda identificarle, salvo que quiera registrarse, de forma voluntaria con el fin de utilizar los servicios que ponemos a su disposici\u00f3n o de recibir informaci\u00f3n sobre promociones y contenidos de su inter\u00e9s.<\/span><\/p>\n<p><span style=\"font-weight: 400;\">Al navegar por primera vez por nuestra web aparecer\u00e1 un banner explicativo del uso de las cookies. Al continuar en nuestra web nos indica que est\u00e1 consintiendo el uso de las cookies antes enunciadas, y en las condiciones contenidas en la presente pol\u00edtica de cookies. Este consentimiento es v\u00e1lido por un periodo de 13 meses. En caso de no estar de acuerdo env\u00ede un correo electr\u00f3nico a: <\/span><a href=\"mailto:admin@mcspa.org\"><span style=\"font-weight: 400;\">admin@mcspa.org<\/span><\/a><\/p>\n<h3><strong> Tipos y finalidad de las cookies<\/strong><\/h3>\n<p><span style=\"font-weight: 400;\">Las Cookies, en funci\u00f3n de su permanencia, pueden clasificarse en:<\/span><\/p>\n<p><span style=\"font-weight: 400;\">&#8211; Cookies de sesi\u00f3n: expiran cuando el usuario cierra el navegador.<\/span><\/p>\n<p><span style=\"font-weight: 400;\">&#8211; Cookies persistentes: expiran en funci\u00f3n cuando se cumpla el objetivo para el que sirven (por ejemplo, para que el usuario se mantenga identificado en la p\u00e1gina web y en los servicios de la misma o bien cuando se borran manualmente).<\/span><\/p>\n<p><span style=\"font-weight: 400;\">Las cookies en funci\u00f3n de su objetivo pueden clasificarse de la siguiente forma:<\/span><\/p>\n<p><span style=\"font-weight: 400;\">&#8211; Cookies de rendimiento (t\u00e9cnicas y de personalizaci\u00f3n): Este tipo de cookie recuerda sus preferencias para las herramientas que se encuentran en los servicios, por lo que no tiene que volver a configurar el servicio cada vez que usted visita. A modo de ejemplo, en esta tipolog\u00eda se incluyen: ajustes de volumen de reproductores de v\u00eddeo o sonido y las velocidades de transmisi\u00f3n de v\u00eddeo que sean compatibles con su navegador.<\/span><\/p>\n<p><span style=\"font-weight: 400;\">&#8211; Cookies de geo-localizaci\u00f3n: Estas Cookies son utilizadas para averiguar en qu\u00e9 pa\u00eds se encuentra cuando se solicita un servicio. Esta Cookie es totalmente an\u00f3nima, y s\u00f3lo se utiliza para ayudar a orientar el contenido a su ubicaci\u00f3n.<\/span><\/p>\n<p><span style=\"font-weight: 400;\">&#8211; Cookies de registro (t\u00e9cnicas y de personalizaci\u00f3n): Las Cookies de registro se generan una vez que el usuario se ha registrado o posteriormente ha abierto su sesi\u00f3n, y se utilizan para identificarle en los servicios con los siguientes objetivos:<\/span><\/p>\n<ul>\n<li style=\"font-weight: 400;\" aria-level=\"1\"><span style=\"font-weight: 400;\">Mantener al Usuario identificado de forma que, si cierra un servicio, el navegador o el ordenador y en otro momento u otro d\u00eda vuelve a entrar en dicho servicio, seguir\u00e1 identificado, facilitando as\u00ed su navegaci\u00f3n sin tener que volver a identificarse. Esta funcionalidad se puede suprimir si el usuario pulsa la funcionalidad \u201ccerrar sesi\u00f3n\u201d, de forma que esta Cookie se elimina y la pr\u00f3xima vez que entre en el servicio el usuario tendr\u00e1 que iniciar sesi\u00f3n para estar identificado.<\/span><span style=\"font-weight: 400;\"><br \/>\n<\/span><\/li>\n<li style=\"font-weight: 400;\" aria-level=\"1\"><span style=\"font-weight: 400;\">Comprobar si el usuario est\u00e1 <\/span> <span style=\"font-weight: 400;\">autorizado para acceder a ciertos servicios, por ejemplo, para <\/span> <span style=\"font-weight: 400;\">participar en un concurso.<\/span><\/li>\n<\/ul>\n<p><span style=\"font-weight: 400;\">&#8211; Cookies de anal\u00edticas: Cada vez que un Usuario visita un servicio o informaci\u00f3n de la p\u00e1gina web o una herramienta de un proveedor externo (Google Analytics, Comscore y similares que podr\u00e1n a\u00f1adirse a este listado en caso de que var\u00eden en relaci\u00f3n con los actuales) genera una cookie anal\u00edtica en el ordenador del usuario. Esta cookie que s\u00f3lo se genera en la visita, servir\u00e1 en pr\u00f3ximas visitas a los servicios de la p\u00e1gina web para identificar de forma an\u00f3nima al visitante. Los objetivos principales que se persiguen son:<\/span><\/p>\n<ul>\n<li style=\"font-weight: 400;\" aria-level=\"1\"><span style=\"font-weight: 400;\">Permitir la identificaci\u00f3n an\u00f3nima de los usuarios navegantes a trav\u00e9s de la cookie (identifica navegadores y dispositivos, no personas) y por lo tanto <\/span> <span style=\"font-weight: 400;\">la contabilizaci\u00f3n aproximada del n\u00famero de visitantes y su tendencia en el tiempo.<\/span><span style=\"font-weight: 400;\"><br \/>\n<\/span><\/li>\n<li style=\"font-weight: 400;\" aria-level=\"1\"><span style=\"font-weight: 400;\">Identificar de forma an\u00f3nima los contenidos m\u00e1s visitados y por lo tanto m\u00e1s atractivos para los usuarios.<\/span><span style=\"font-weight: 400;\"><br \/>\n<\/span><\/li>\n<li style=\"font-weight: 400;\" aria-level=\"1\"><span style=\"font-weight: 400;\">Saber si el usuario que est\u00e1 <\/span> <span style=\"font-weight: 400;\">accediendo es nuevo o repite visita. Importante: Salvo que el <\/span> <span style=\"font-weight: 400;\">usuario decida registrarse en alg\u00fan servicio o contenido de la p\u00e1gina web, la cookie nunca ir\u00e1 asociada a ning\u00fan dato de <\/span> <span style=\"font-weight: 400;\">car\u00e1cter personal que pueda identificarle. Dichas Cookies s\u00f3lo ser\u00e1n utilizadas con prop\u00f3sitos estad\u00edsticos que ayuden a la optimizaci\u00f3n de la experiencia de los usuarios en la p\u00e1gina web.<\/span><\/li>\n<\/ul>\n<p><span style=\"font-weight: 400;\">&#8211; Cookies publicitarias propias: sirven para gestionar el titular de la p\u00e1gina web si un Usuario ha visitado o no la publicidad que ha incluido. Tambi\u00e9n permiten la gesti\u00f3n de espacios publicitarios en la p\u00e1gina almacenando datos del comportamiento del Usuario en la navegaci\u00f3n para poder ofrecerle anuncios publicitarios.<\/span><\/p>\n<p><span style=\"font-weight: 400;\">&#8211; Cookies publicitarias de terceros: Adem\u00e1s de la publicidad gestionada por la p\u00e1gina web en sus contenidos o servicios, podr\u00e1 ofrecer a sus anunciantes la opci\u00f3n de servir anuncios a trav\u00e9s de terceros (\u201cAdServers\u201d). De este modo, estos terceros pueden almacenar cookies enviadas desde los contenidos de la p\u00e1gina web procedentes de los navegadores de los Usuarios, as\u00ed como acceder a los datos que en ellas se guardan. Las empresas que generan estas Cookies tienen sus propias pol\u00edticas de privacidad.<\/span><\/p>\n<h3><strong> C\u00f3mo bloquear o eliminar las cookies instaladas<\/strong><\/h3>\n<p><span style=\"font-weight: 400;\">Puede usted permitir, bloquear o eliminar las cookies instaladas en su equipo mediante la configuraci\u00f3n de las opciones de su navegador. Puede encontrar informaci\u00f3n sobre c\u00f3mo hacerlo, en relaci\u00f3n con los navegadores m\u00e1s comunes, en los links que se incluyen a continuaci\u00f3n:<\/span><\/p>\n<p><span style=\"font-weight: 400;\">Explorer:<\/span><a href=\"https:\/\/support.microsoft.com\/es-es\/kb\/278835\"> <span style=\"font-weight: 400;\">https:\/\/support.microsoft.com\/es-es\/kb\/278835<\/span><\/a><\/p>\n<p><span style=\"font-weight: 400;\">Chrome:<\/span><a href=\"http:\/\/support.google.com\/chrome\/bin\/answer.py?hl=es&amp;amp;answer=95647\"> <span style=\"font-weight: 400;\">http:\/\/support.google.com\/chrome\/bin\/answer.py?hl=es&amp;amp;answer=95647<\/span><\/a><\/p>\n<p><span style=\"font-weight: 400;\">Firefox:<\/span><a href=\"https:\/\/support.mozilla.org\/es\/kb\/Borrar%20cookies\"> <span style=\"font-weight: 400;\">https:\/\/support.mozilla.org\/es\/kb\/Borrar%20cookies<\/span><\/a><\/p>\n<p><span style=\"font-weight: 400;\">Safari:<\/span><a href=\"http:\/\/support.apple.com\/kb\/ph5042\"> <span style=\"font-weight: 400;\">http:\/\/support.apple.com\/kb\/ph5042<\/span><\/a><\/p>\n<p><span style=\"font-weight: 400;\">Le informamos, no obstante, de la posibilidad de que la desactivaci\u00f3n de alguna cookie impida o dificulte la navegaci\u00f3n o la prestaci\u00f3n de los servicios ofrecidos en la p\u00e1gina web.<\/span><\/p>\n<h3><strong> Cookies utilizadas<\/strong><\/h3>\n<p><span style=\"font-weight: 400;\"><table class=\"cookielawinfo-row-cat-table cookielawinfo-winter\"><thead><tr><th class=\"cookielawinfo-column-1\">Cookie<\/th><th class=\"cookielawinfo-column-2\">Tipo<\/th><th class=\"cookielawinfo-column-3\">Duraci\u00f3n<\/th><th class=\"cookielawinfo-column-4\">Descripci\u00f3n<\/th><\/tr><\/thead><tbody><tr class=\"cookielawinfo-row\"><td class=\"cookielawinfo-column-1\">CONSENT<\/td><td class=\"cookielawinfo-column-2\"><\/td><td class=\"cookielawinfo-column-3\">2 years<\/td><td class=\"cookielawinfo-column-4\">YouTube sets this cookie via embedded youtube-videos and registers anonymous statistical data.<\/td><\/tr><tr class=\"cookielawinfo-row\"><td class=\"cookielawinfo-column-1\">cookielawinfo-checkbox-analiticas<\/td><td class=\"cookielawinfo-column-2\"><\/td><td class=\"cookielawinfo-column-3\">1 year<\/td><td class=\"cookielawinfo-column-4\">Set by the GDPR Cookie Consent plugin, this cookie is used to store the user consent for cookies in the category \"Analytics\".<\/td><\/tr><tr class=\"cookielawinfo-row\"><td class=\"cookielawinfo-column-1\">cookielawinfo-checkbox-funcionales<\/td><td class=\"cookielawinfo-column-2\"><\/td><td class=\"cookielawinfo-column-3\">1 year<\/td><td class=\"cookielawinfo-column-4\">Set by the GDPR Cookie Consent plugin to store the user consent for cookies in the category \"Functional\".<\/td><\/tr><tr class=\"cookielawinfo-row\"><td class=\"cookielawinfo-column-1\">cookielawinfo-checkbox-necessary<\/td><td class=\"cookielawinfo-column-2\"><\/td><td class=\"cookielawinfo-column-3\">1 year<\/td><td class=\"cookielawinfo-column-4\">Set by the GDPR Cookie Consent plugin, this cookie is used to record the user consent for the cookies in the \"Necessary\" category .<\/td><\/tr><tr class=\"cookielawinfo-row\"><td class=\"cookielawinfo-column-1\">cookielawinfo-checkbox-otros<\/td><td class=\"cookielawinfo-column-2\"><\/td><td class=\"cookielawinfo-column-3\">1 year<\/td><td class=\"cookielawinfo-column-4\">No description<\/td><\/tr><tr class=\"cookielawinfo-row\"><td class=\"cookielawinfo-column-1\">cookielawinfo-checkbox-rendimiento<\/td><td class=\"cookielawinfo-column-2\"><\/td><td class=\"cookielawinfo-column-3\">1 year<\/td><td class=\"cookielawinfo-column-4\">Set by the GDPR Cookie Consent plugin to record the user consent for the cookies in the \"Performance\" category .<\/td><\/tr><tr class=\"cookielawinfo-row\"><td class=\"cookielawinfo-column-1\">CookieLawInfoConsent<\/td><td class=\"cookielawinfo-column-2\"><\/td><td class=\"cookielawinfo-column-3\">1 year<\/td><td class=\"cookielawinfo-column-4\">Records the default button state of the corresponding category &amp; the status of CCPA. It works only in coordination with the primary cookie.<\/td><\/tr><tr class=\"cookielawinfo-row\"><td class=\"cookielawinfo-column-1\">VISITOR_INFO1_LIVE<\/td><td class=\"cookielawinfo-column-2\"><\/td><td class=\"cookielawinfo-column-3\">5 months 27 days<\/td><td class=\"cookielawinfo-column-4\">A cookie set by YouTube to measure bandwidth that determines whether the user gets the new or old player interface.<\/td><\/tr><tr class=\"cookielawinfo-row\"><td class=\"cookielawinfo-column-1\">YSC<\/td><td class=\"cookielawinfo-column-2\"><\/td><td class=\"cookielawinfo-column-3\">session<\/td><td class=\"cookielawinfo-column-4\">YSC cookie is set by Youtube and is used to track the views of embedded videos on Youtube pages.<\/td><\/tr><\/tbody><\/table><\/span><\/p>\n<h3><strong> Modificaciones<\/strong><\/h3>\n<p><span style=\"font-weight: 400;\">La p\u00e1gina web MCSPA.org titularidad de Missionary Community of St. Paul the Apostle\u00a0 puede modificar esta pol\u00edtica de cookies en funci\u00f3n de exigencias legales, o con la finalidad de adaptar dicha pol\u00edtica a las instrucciones dictadas por la Agencia Espa\u00f1ola de Protecci\u00f3n de Datos.<\/span><\/p>\n<p><span style=\"font-weight: 400;\">Por esta raz\u00f3n, aconsejamos a los usuarios que la visiten peri\u00f3dicamente. Cuando se produzcan cambios significativos en esta pol\u00edtica de cookies, se comunicar\u00e1n a los usuarios bien mediante la web o a trav\u00e9s de correo electr\u00f3nico a los usuarios registrados.<\/span>[\/vc_column_text][\/vc_column][vc_column width=&#8221;1\/6&#8243;][\/vc_column][\/vc_row][\/vc_section]<\/p>\n<\/div>","protected":false},"excerpt":{"rendered":"<p>[vc_section full_width=&#8221;stretch_row&#8221; content_placement=&#8221;middle&#8221; css_animation=&#8221;fadeIn&#8221; el_class=&#8221;light-scheme&#8221; css=&#8221;.vc_custom_1626331054745{padding-top: 100px !important;padding-bottom: 100px !important;background-color: #f8f8f8 !important;}&#8221;][vc_row][vc_column width=&#8221;1\/6&#8243;][\/vc_column][vc_column width=&#8221;2\/3&#8243;][vc_column_text css=&#8221;.vc_custom_1663165909347{padding-top: 30px !important;}&#8221;] Uso de cookies La p\u00e1gina web\u00a0 MCSPA.ORG titularidad de Missionary Community of St. Paul the Apostle utiliza cookies. Las cookies son ficheros que se descargan en su ordenador al acceder a determinadas p\u00e1ginas web. Las cookies permiten a [&hellip;]<\/p>\n","protected":false},"author":1,"featured_media":1867,"parent":0,"menu_order":0,"comment_status":"closed","ping_status":"closed","template":"","meta":{"footnotes":""},"class_list":["post-1881","page","type-page","status-publish","has-post-thumbnail","hentry"],"yoast_head":"<!-- This site is optimized with the Yoast SEO plugin v27.2 - https:\/\/yoast.com\/product\/yoast-seo-wordpress\/ -->\n<title>Pol\u00edtica de cookies - Comunidad misionera de San Pablo Apostol - MCSPA<\/title>\n<meta name=\"robots\" content=\"index, follow, max-snippet:-1, max-image-preview:large, max-video-preview:-1\" \/>\n<link rel=\"canonical\" href=\"https:\/\/mcspa.org\/es\/politica-cookies\/\" \/>\n<meta property=\"og:locale\" content=\"es_ES\" \/>\n<meta property=\"og:type\" content=\"article\" \/>\n<meta property=\"og:title\" content=\"Pol\u00edtica de cookies - Comunidad misionera de San Pablo Apostol - MCSPA\" \/>\n<meta property=\"og:description\" content=\"[vc_section full_width=&#8221;stretch_row&#8221; content_placement=&#8221;middle&#8221; css_animation=&#8221;fadeIn&#8221; el_class=&#8221;light-scheme&#8221; css=&#8221;.vc_custom_1626331054745{padding-top: 100px !important;padding-bottom: 100px !important;background-color: #f8f8f8 !important;}&#8221;][vc_row][vc_column width=&#8221;1\/6&#8243;][\/vc_column][vc_column width=&#8221;2\/3&#8243;][vc_column_text css=&#8221;.vc_custom_1663165909347{padding-top: 30px !important;}&#8221;] Uso de cookies La p\u00e1gina web\u00a0 MCSPA.ORG titularidad de Missionary Community of St. Paul the Apostle utiliza cookies. Las cookies son ficheros que se descargan en su ordenador al acceder a determinadas p\u00e1ginas web. Las cookies permiten a [&hellip;]\" \/>\n<meta property=\"og:url\" content=\"https:\/\/mcspa.org\/es\/politica-cookies\/\" \/>\n<meta property=\"og:site_name\" content=\"Comunidad misionera de San Pablo Apostol - MCSPA\" \/>\n<meta property=\"article:publisher\" content=\"https:\/\/www.facebook.com\/mcspa\" \/>\n<meta property=\"article:modified_time\" content=\"2022-09-14T14:31:54+00:00\" \/>\n<meta property=\"og:image\" content=\"https:\/\/mcspa.org\/wp-content\/uploads\/2020\/01\/head-06-overlay.jpg\" \/>\n\t<meta property=\"og:image:width\" content=\"1920\" \/>\n\t<meta property=\"og:image:height\" content=\"745\" \/>\n\t<meta property=\"og:image:type\" content=\"image\/jpeg\" \/>\n<meta name=\"twitter:card\" content=\"summary_large_image\" \/>\n<meta name=\"twitter:site\" content=\"@mcspa_org\" \/>\n<meta name=\"twitter:label1\" content=\"Tiempo de lectura\" \/>\n\t<meta name=\"twitter:data1\" content=\"5 minutos\" \/>\n<script type=\"application\/ld+json\" class=\"yoast-schema-graph\">{\"@context\":\"https:\/\/schema.org\",\"@graph\":[{\"@type\":\"WebPage\",\"@id\":\"https:\/\/mcspa.org\/es\/politica-cookies\/\",\"url\":\"https:\/\/mcspa.org\/es\/politica-cookies\/\",\"name\":\"Pol\u00edtica de cookies - Comunidad misionera de San Pablo Apostol - MCSPA\",\"isPartOf\":{\"@id\":\"https:\/\/mcspa.org\/#website\"},\"primaryImageOfPage\":{\"@id\":\"https:\/\/mcspa.org\/es\/politica-cookies\/#primaryimage\"},\"image\":{\"@id\":\"https:\/\/mcspa.org\/es\/politica-cookies\/#primaryimage\"},\"thumbnailUrl\":\"https:\/\/mcspa.org\/wp-content\/uploads\/2020\/01\/head-06-overlay.jpg\",\"datePublished\":\"2021-07-15T07:19:58+00:00\",\"dateModified\":\"2022-09-14T14:31:54+00:00\",\"breadcrumb\":{\"@id\":\"https:\/\/mcspa.org\/es\/politica-cookies\/#breadcrumb\"},\"inLanguage\":\"es\",\"potentialAction\":[{\"@type\":\"ReadAction\",\"target\":[\"https:\/\/mcspa.org\/es\/politica-cookies\/\"]}]},{\"@type\":\"ImageObject\",\"inLanguage\":\"es\",\"@id\":\"https:\/\/mcspa.org\/es\/politica-cookies\/#primaryimage\",\"url\":\"https:\/\/mcspa.org\/wp-content\/uploads\/2020\/01\/head-06-overlay.jpg\",\"contentUrl\":\"https:\/\/mcspa.org\/wp-content\/uploads\/2020\/01\/head-06-overlay.jpg\",\"width\":1920,\"height\":745},{\"@type\":\"BreadcrumbList\",\"@id\":\"https:\/\/mcspa.org\/es\/politica-cookies\/#breadcrumb\",\"itemListElement\":[{\"@type\":\"ListItem\",\"position\":1,\"name\":\"Portada\",\"item\":\"https:\/\/mcspa.org\/es\/agency-homepage\/\"},{\"@type\":\"ListItem\",\"position\":2,\"name\":\"Pol\u00edtica de cookies\"}]},{\"@type\":\"WebSite\",\"@id\":\"https:\/\/mcspa.org\/#website\",\"url\":\"https:\/\/mcspa.org\/\",\"name\":\"Comunidad misionera de San Pablo Apostol - MCSPA\",\"description\":\"\",\"publisher\":{\"@id\":\"https:\/\/mcspa.org\/#organization\"},\"potentialAction\":[{\"@type\":\"SearchAction\",\"target\":{\"@type\":\"EntryPoint\",\"urlTemplate\":\"https:\/\/mcspa.org\/?s={search_term_string}\"},\"query-input\":{\"@type\":\"PropertyValueSpecification\",\"valueRequired\":true,\"valueName\":\"search_term_string\"}}],\"inLanguage\":\"es\"},{\"@type\":\"Organization\",\"@id\":\"https:\/\/mcspa.org\/#organization\",\"name\":\"Missionary Community of St. Paul the Apostle - MCSPA\",\"url\":\"https:\/\/mcspa.org\/\",\"logo\":{\"@type\":\"ImageObject\",\"inLanguage\":\"es\",\"@id\":\"https:\/\/mcspa.org\/#\/schema\/logo\/image\/\",\"url\":\"https:\/\/mcspa.org\/wp-content\/uploads\/2022\/11\/MCSPA-logo-english.png\",\"contentUrl\":\"https:\/\/mcspa.org\/wp-content\/uploads\/2022\/11\/MCSPA-logo-english.png\",\"width\":3614,\"height\":1244,\"caption\":\"Missionary Community of St. Paul the Apostle - MCSPA\"},\"image\":{\"@id\":\"https:\/\/mcspa.org\/#\/schema\/logo\/image\/\"},\"sameAs\":[\"https:\/\/www.facebook.com\/mcspa\",\"https:\/\/x.com\/mcspa_org\",\"https:\/\/www.instagram.com\/mcspa_mmc\/\",\"https:\/\/www.youtube.com\/channel\/UC1df8SuPOPbFtMhlokt9gZQ\",\"https:\/\/www.youtube.com\/c\/MCSPA\"]}]}<\/script>\n<!-- \/ Yoast SEO plugin. -->","yoast_head_json":{"title":"Pol\u00edtica de cookies - Comunidad misionera de San Pablo Apostol - MCSPA","robots":{"index":"index","follow":"follow","max-snippet":"max-snippet:-1","max-image-preview":"max-image-preview:large","max-video-preview":"max-video-preview:-1"},"canonical":"https:\/\/mcspa.org\/es\/politica-cookies\/","og_locale":"es_ES","og_type":"article","og_title":"Pol\u00edtica de cookies - Comunidad misionera de San Pablo Apostol - MCSPA","og_description":"[vc_section full_width=&#8221;stretch_row&#8221; content_placement=&#8221;middle&#8221; css_animation=&#8221;fadeIn&#8221; el_class=&#8221;light-scheme&#8221; css=&#8221;.vc_custom_1626331054745{padding-top: 100px !important;padding-bottom: 100px !important;background-color: #f8f8f8 !important;}&#8221;][vc_row][vc_column width=&#8221;1\/6&#8243;][\/vc_column][vc_column width=&#8221;2\/3&#8243;][vc_column_text css=&#8221;.vc_custom_1663165909347{padding-top: 30px !important;}&#8221;] Uso de cookies La p\u00e1gina web\u00a0 MCSPA.ORG titularidad de Missionary Community of St. Paul the Apostle utiliza cookies. Las cookies son ficheros que se descargan en su ordenador al acceder a determinadas p\u00e1ginas web. Las cookies permiten a [&hellip;]","og_url":"https:\/\/mcspa.org\/es\/politica-cookies\/","og_site_name":"Comunidad misionera de San Pablo Apostol - MCSPA","article_publisher":"https:\/\/www.facebook.com\/mcspa","article_modified_time":"2022-09-14T14:31:54+00:00","og_image":[{"width":1920,"height":745,"url":"https:\/\/mcspa.org\/wp-content\/uploads\/2020\/01\/head-06-overlay.jpg","type":"image\/jpeg"}],"twitter_card":"summary_large_image","twitter_site":"@mcspa_org","twitter_misc":{"Tiempo de lectura":"5 minutos"},"schema":{"@context":"https:\/\/schema.org","@graph":[{"@type":"WebPage","@id":"https:\/\/mcspa.org\/es\/politica-cookies\/","url":"https:\/\/mcspa.org\/es\/politica-cookies\/","name":"Pol\u00edtica de cookies - Comunidad misionera de San Pablo Apostol - MCSPA","isPartOf":{"@id":"https:\/\/mcspa.org\/#website"},"primaryImageOfPage":{"@id":"https:\/\/mcspa.org\/es\/politica-cookies\/#primaryimage"},"image":{"@id":"https:\/\/mcspa.org\/es\/politica-cookies\/#primaryimage"},"thumbnailUrl":"https:\/\/mcspa.org\/wp-content\/uploads\/2020\/01\/head-06-overlay.jpg","datePublished":"2021-07-15T07:19:58+00:00","dateModified":"2022-09-14T14:31:54+00:00","breadcrumb":{"@id":"https:\/\/mcspa.org\/es\/politica-cookies\/#breadcrumb"},"inLanguage":"es","potentialAction":[{"@type":"ReadAction","target":["https:\/\/mcspa.org\/es\/politica-cookies\/"]}]},{"@type":"ImageObject","inLanguage":"es","@id":"https:\/\/mcspa.org\/es\/politica-cookies\/#primaryimage","url":"https:\/\/mcspa.org\/wp-content\/uploads\/2020\/01\/head-06-overlay.jpg","contentUrl":"https:\/\/mcspa.org\/wp-content\/uploads\/2020\/01\/head-06-overlay.jpg","width":1920,"height":745},{"@type":"BreadcrumbList","@id":"https:\/\/mcspa.org\/es\/politica-cookies\/#breadcrumb","itemListElement":[{"@type":"ListItem","position":1,"name":"Portada","item":"https:\/\/mcspa.org\/es\/agency-homepage\/"},{"@type":"ListItem","position":2,"name":"Pol\u00edtica de cookies"}]},{"@type":"WebSite","@id":"https:\/\/mcspa.org\/#website","url":"https:\/\/mcspa.org\/","name":"Comunidad misionera de San Pablo Apostol - MCSPA","description":"","publisher":{"@id":"https:\/\/mcspa.org\/#organization"},"potentialAction":[{"@type":"SearchAction","target":{"@type":"EntryPoint","urlTemplate":"https:\/\/mcspa.org\/?s={search_term_string}"},"query-input":{"@type":"PropertyValueSpecification","valueRequired":true,"valueName":"search_term_string"}}],"inLanguage":"es"},{"@type":"Organization","@id":"https:\/\/mcspa.org\/#organization","name":"Missionary Community of St. Paul the Apostle - MCSPA","url":"https:\/\/mcspa.org\/","logo":{"@type":"ImageObject","inLanguage":"es","@id":"https:\/\/mcspa.org\/#\/schema\/logo\/image\/","url":"https:\/\/mcspa.org\/wp-content\/uploads\/2022\/11\/MCSPA-logo-english.png","contentUrl":"https:\/\/mcspa.org\/wp-content\/uploads\/2022\/11\/MCSPA-logo-english.png","width":3614,"height":1244,"caption":"Missionary Community of St. Paul the Apostle - MCSPA"},"image":{"@id":"https:\/\/mcspa.org\/#\/schema\/logo\/image\/"},"sameAs":["https:\/\/www.facebook.com\/mcspa","https:\/\/x.com\/mcspa_org","https:\/\/www.instagram.com\/mcspa_mmc\/","https:\/\/www.youtube.com\/channel\/UC1df8SuPOPbFtMhlokt9gZQ","https:\/\/www.youtube.com\/c\/MCSPA"]}]}},"_links":{"self":[{"href":"https:\/\/mcspa.org\/es\/wp-json\/wp\/v2\/pages\/1881","targetHints":{"allow":["GET"]}}],"collection":[{"href":"https:\/\/mcspa.org\/es\/wp-json\/wp\/v2\/pages"}],"about":[{"href":"https:\/\/mcspa.org\/es\/wp-json\/wp\/v2\/types\/page"}],"author":[{"embeddable":true,"href":"https:\/\/mcspa.org\/es\/wp-json\/wp\/v2\/users\/1"}],"replies":[{"embeddable":true,"href":"https:\/\/mcspa.org\/es\/wp-json\/wp\/v2\/comments?post=1881"}],"version-history":[{"count":6,"href":"https:\/\/mcspa.org\/es\/wp-json\/wp\/v2\/pages\/1881\/revisions"}],"predecessor-version":[{"id":7259,"href":"https:\/\/mcspa.org\/es\/wp-json\/wp\/v2\/pages\/1881\/revisions\/7259"}],"wp:featuredmedia":[{"embeddable":true,"href":"https:\/\/mcspa.org\/es\/wp-json\/wp\/v2\/media\/1867"}],"wp:attachment":[{"href":"https:\/\/mcspa.org\/es\/wp-json\/wp\/v2\/media?parent=1881"}],"curies":[{"name":"wp","href":"https:\/\/api.w.org\/{rel}","templated":true}]}}