{"id":1736,"date":"2021-07-01T12:10:11","date_gmt":"2021-07-01T09:10:11","guid":{"rendered":"http:\/\/mcspa.org\/?page_id=1736"},"modified":"2022-07-02T10:42:23","modified_gmt":"2022-07-02T07:42:23","slug":"nuestra-espiritualidad","status":"publish","type":"page","link":"https:\/\/mcspa.org\/es\/nuestra-espiritualidad\/","title":{"rendered":"Nuestra espiritualidad"},"content":{"rendered":"<div class=\"wpb-content-wrapper\"><p>[vc_section full_width=&#8221;stretch_row_content&#8221; content_placement=&#8221;middle&#8221; css_animation=&#8221;fadeIn&#8221; el_class=&#8221;light-scheme&#8221; css=&#8221;.vc_custom_1578765654708{padding-top: 0px !important;padding-bottom: 0px !important;}&#8221; el_id=&#8221;split-section&#8221;][vc_row equal_height=&#8221;yes&#8221; rtl_reverse=&#8221;yes&#8221; content_placement=&#8221;middle&#8221;][vc_column width=&#8221;1\/2&#8243; css=&#8221;.vc_custom_1646728729566{padding-top: 50px !important;padding-bottom: 50px !important;}&#8221; offset=&#8221;vc_hidden-sm vc_hidden-xs&#8221;][vc_row_inner gap=&#8221;35&#8243; css=&#8221;.vc_custom_1578757110145{padding-top: 50px !important;padding-bottom: 50px !important;}&#8221;][vc_column_inner width=&#8221;1\/6&#8243;][\/vc_column_inner][vc_column_inner width=&#8221;2\/3&#8243;][vc_column_text]<span style=\"font-weight: 400;\"><strong>El carisma de la Comunidad Misionera de San Pablo Ap\u00f3stol es vivir intensamente la espiritualidad de Cristo<\/strong>, Buen Pastor, con la dimensi\u00f3n de llamar vocacionales a vivir el Evangelio y dejarse conmover por el sufrimiento de las personas.<\/span><\/p>\n<p><span style=\"font-weight: 400;\">Lo hacemos al estilo de San Pablo Ap\u00f3stol con la dimensi\u00f3n de ser itinerantes y convertirnos en puentes entre mundos divididos.<\/span>[\/vc_column_text][\/vc_column_inner][vc_column_inner width=&#8221;1\/6&#8243;][\/vc_column_inner][\/vc_row_inner][\/vc_column][vc_column width=&#8221;1\/2&#8243; css=&#8221;.vc_custom_1646728451496{padding-top: 150px !important;padding-bottom: 150px !important;background-image: url(http:\/\/mcspa.org\/wp-content\/uploads\/2022\/02\/spirituality1.jpg?id=3003) !important;background-position: center !important;background-repeat: no-repeat !important;background-size: contain !important;}&#8221; offset=&#8221;vc_hidden-sm vc_hidden-xs&#8221;][\/vc_column][\/vc_row][vc_row equal_height=&#8221;yes&#8221; rtl_reverse=&#8221;yes&#8221; content_placement=&#8221;middle&#8221;][vc_column css=&#8221;.vc_custom_1646728518198{padding-top: 150px !important;padding-bottom: 150px !important;background-position: center !important;background-repeat: no-repeat !important;background-size: cover !important;}&#8221; offset=&#8221;vc_hidden-lg vc_hidden-md&#8221;][vc_row_inner gap=&#8221;35&#8243; css=&#8221;.vc_custom_1578757110145{padding-top: 50px !important;padding-bottom: 50px !important;}&#8221;][vc_column_inner][vc_column_text]<span style=\"font-weight: 400;\"><strong>El carisma de la Comunidad Misionera de San Pablo Ap\u00f3stol es vivir intensamente la espiritualidad de Cristo<\/strong>, Buen Pastor, con la dimensi\u00f3n de llamar vocacionales a vivir el Evangelio y dejarse conmover por el sufrimiento de las personas.<\/span><\/p>\n<p><span style=\"font-weight: 400;\">Lo hacemos al estilo de San Pablo Ap\u00f3stol con la dimensi\u00f3n de ser itinerantes y convertirnos en puentes entre mundos divididos.<\/span>[\/vc_column_text][\/vc_column_inner][\/vc_row_inner][\/vc_column][\/vc_row][\/vc_section][vc_section full_width=&#8221;stretch_row_content&#8221; content_placement=&#8221;middle&#8221; css_animation=&#8221;fadeIn&#8221; el_class=&#8221;light-scheme&#8221; css=&#8221;.vc_custom_1578765654708{padding-top: 0px !important;padding-bottom: 0px !important;}&#8221;][vc_row equal_height=&#8221;yes&#8221; rtl_reverse=&#8221;yes&#8221; content_placement=&#8221;middle&#8221;][vc_column width=&#8221;1\/2&#8243; css=&#8221;.vc_custom_1651067675907{padding-top: 150px !important;padding-bottom: 150px !important;background-image: url(http:\/\/mcspa.org\/wp-content\/uploads\/2022\/04\/spirituality2-1.jpg?id=3319) !important;background-position: center !important;background-repeat: no-repeat !important;background-size: contain !important;}&#8221; offset=&#8221;vc_hidden-sm vc_hidden-xs&#8221;][\/vc_column][vc_column width=&#8221;1\/2&#8243; css=&#8221;.vc_custom_1646728596761{padding-top: 50px !important;padding-bottom: 50px !important;background-position: center !important;background-repeat: no-repeat !important;background-size: cover !important;}&#8221; offset=&#8221;vc_hidden-sm vc_hidden-xs&#8221;][vc_row_inner gap=&#8221;35&#8243; css=&#8221;.vc_custom_1578757110145{padding-top: 50px !important;padding-bottom: 50px !important;}&#8221;][vc_column_inner width=&#8221;1\/6&#8243;][\/vc_column_inner][vc_column_inner width=&#8221;2\/3&#8243;][vc_column_text]<span style=\"font-weight: 400;\">Cada d\u00eda, creamos un espacio para la oraci\u00f3n personal y comunitaria y para el di\u00e1logo contemplativo con la sociedad que nos rodea. De esta manera buscamos vivir en comuni\u00f3n con la Sant\u00edsima Trinidad.<\/span><\/p>\n<ul>\n<li><span style=\"font-weight: 400;\"><strong>Oraci\u00f3n Diaria<\/strong> en Soledad y Silencio con el Padre;\u00a0<\/span><\/li>\n<li><span style=\"font-weight: 400;\"><strong> Oraci\u00f3n comunitaria con nuestras hermanas y hermanos<\/strong>, centrada en Cristo y la Eucarist\u00eda;\u00a0<\/span><\/li>\n<li><span style=\"font-weight: 400;\"> Finalmente,<strong> la Oraci\u00f3n en el Mundo<\/strong>, al realizar los Apostolados diarios bajo la gu\u00eda del Esp\u00edritu Santo.<\/span><\/li>\n<\/ul>\n<p>[\/vc_column_text][\/vc_column_inner][vc_column_inner width=&#8221;1\/6&#8243;][\/vc_column_inner][\/vc_row_inner][\/vc_column][\/vc_row][vc_row equal_height=&#8221;yes&#8221; rtl_reverse=&#8221;yes&#8221; content_placement=&#8221;middle&#8221;][vc_column css=&#8221;.vc_custom_1651067884526{padding-top: 300px !important;padding-bottom: 300px !important;background-image: url(http:\/\/mcspa.org\/wp-content\/uploads\/2022\/04\/spirituality2-1.jpg?id=3319) !important;background-position: center !important;background-repeat: no-repeat !important;background-size: contain !important;}&#8221; offset=&#8221;vc_hidden-lg vc_hidden-md&#8221;][\/vc_column][vc_column css=&#8221;.vc_custom_1646728658061{background-position: center !important;background-repeat: no-repeat !important;background-size: cover !important;}&#8221; offset=&#8221;vc_hidden-lg vc_hidden-md&#8221;][vc_row_inner gap=&#8221;35&#8243; css=&#8221;.vc_custom_1578757110145{padding-top: 50px !important;padding-bottom: 50px !important;}&#8221;][vc_column_inner width=&#8221;1\/6&#8243;][\/vc_column_inner][vc_column_inner width=&#8221;2\/3&#8243;][vc_column_text]<span style=\"font-weight: 400;\">Cada d\u00eda, creamos un espacio para la oraci\u00f3n personal y comunitaria y para el di\u00e1logo contemplativo con la sociedad que nos rodea. De esta manera buscamos vivir en comuni\u00f3n con la Sant\u00edsima Trinidad.<\/span><\/p>\n<ul>\n<li><span style=\"font-weight: 400;\"><strong>Oraci\u00f3n Diaria<\/strong> en Soledad y Silencio con el Padre;\u00a0<\/span><\/li>\n<li><span style=\"font-weight: 400;\"><strong> Oraci\u00f3n comunitaria con nuestras hermanas y hermanos<\/strong>, centrada en Cristo y la Eucarist\u00eda;\u00a0<\/span><\/li>\n<li><span style=\"font-weight: 400;\"> Finalmente,<strong> la Oraci\u00f3n en el Mundo<\/strong>, al realizar los Apostolados diarios bajo la gu\u00eda del Esp\u00edritu Santo.<\/span><\/li>\n<\/ul>\n<p>[\/vc_column_text][\/vc_column_inner][vc_column_inner width=&#8221;1\/6&#8243;][\/vc_column_inner][\/vc_row_inner][\/vc_column][\/vc_row][\/vc_section]<\/p>\n<\/div>","protected":false},"excerpt":{"rendered":"<p>[vc_section full_width=&#8221;stretch_row_content&#8221; content_placement=&#8221;middle&#8221; css_animation=&#8221;fadeIn&#8221; el_class=&#8221;light-scheme&#8221; css=&#8221;.vc_custom_1578765654708{padding-top: 0px !important;padding-bottom: 0px !important;}&#8221; el_id=&#8221;split-section&#8221;][vc_row equal_height=&#8221;yes&#8221; rtl_reverse=&#8221;yes&#8221; content_placement=&#8221;middle&#8221;][vc_column width=&#8221;1\/2&#8243; css=&#8221;.vc_custom_1646728729566{padding-top: 50px !important;padding-bottom: 50px !important;}&#8221; offset=&#8221;vc_hidden-sm vc_hidden-xs&#8221;][vc_row_inner gap=&#8221;35&#8243; css=&#8221;.vc_custom_1578757110145{padding-top: 50px !important;padding-bottom: 50px !important;}&#8221;][vc_column_inner width=&#8221;1\/6&#8243;][\/vc_column_inner][vc_column_inner width=&#8221;2\/3&#8243;][vc_column_text]El carisma de la Comunidad Misionera de San Pablo Ap\u00f3stol es vivir intensamente la espiritualidad de Cristo, Buen Pastor, con la dimensi\u00f3n de llamar vocacionales a [&hellip;]<\/p>\n","protected":false},"author":1,"featured_media":1814,"parent":0,"menu_order":0,"comment_status":"closed","ping_status":"closed","template":"","meta":{"footnotes":""},"class_list":["post-1736","page","type-page","status-publish","has-post-thumbnail","hentry"],"yoast_head":"<!-- This site is optimized with the Yoast SEO plugin v27.2 - https:\/\/yoast.com\/product\/yoast-seo-wordpress\/ -->\n<title>Nuestra espiritualidad - Comunidad misionera de San Pablo Apostol - MCSPA<\/title>\n<meta name=\"robots\" content=\"index, follow, max-snippet:-1, max-image-preview:large, max-video-preview:-1\" \/>\n<link rel=\"canonical\" href=\"https:\/\/mcspa.org\/es\/nuestra-espiritualidad\/\" \/>\n<meta property=\"og:locale\" content=\"es_ES\" \/>\n<meta property=\"og:type\" content=\"article\" \/>\n<meta property=\"og:title\" content=\"Nuestra espiritualidad - Comunidad misionera de San Pablo Apostol - MCSPA\" \/>\n<meta property=\"og:description\" content=\"[vc_section full_width=&#8221;stretch_row_content&#8221; content_placement=&#8221;middle&#8221; css_animation=&#8221;fadeIn&#8221; el_class=&#8221;light-scheme&#8221; css=&#8221;.vc_custom_1578765654708{padding-top: 0px !important;padding-bottom: 0px !important;}&#8221; el_id=&#8221;split-section&#8221;][vc_row equal_height=&#8221;yes&#8221; rtl_reverse=&#8221;yes&#8221; content_placement=&#8221;middle&#8221;][vc_column width=&#8221;1\/2&#8243; css=&#8221;.vc_custom_1646728729566{padding-top: 50px !important;padding-bottom: 50px !important;}&#8221; offset=&#8221;vc_hidden-sm vc_hidden-xs&#8221;][vc_row_inner gap=&#8221;35&#8243; css=&#8221;.vc_custom_1578757110145{padding-top: 50px !important;padding-bottom: 50px !important;}&#8221;][vc_column_inner width=&#8221;1\/6&#8243;][\/vc_column_inner][vc_column_inner width=&#8221;2\/3&#8243;][vc_column_text]El carisma de la Comunidad Misionera de San Pablo Ap\u00f3stol es vivir intensamente la espiritualidad de Cristo, Buen Pastor, con la dimensi\u00f3n de llamar vocacionales a [&hellip;]\" \/>\n<meta property=\"og:url\" content=\"https:\/\/mcspa.org\/es\/nuestra-espiritualidad\/\" \/>\n<meta property=\"og:site_name\" content=\"Comunidad misionera de San Pablo Apostol - MCSPA\" \/>\n<meta property=\"article:publisher\" content=\"https:\/\/www.facebook.com\/mcspa\" \/>\n<meta property=\"article:modified_time\" content=\"2022-07-02T07:42:23+00:00\" \/>\n<meta property=\"og:image\" content=\"https:\/\/mcspa.org\/wp-content\/uploads\/2021\/07\/spirituality-1.jpg\" \/>\n\t<meta property=\"og:image:width\" content=\"1920\" \/>\n\t<meta property=\"og:image:height\" content=\"886\" \/>\n\t<meta property=\"og:image:type\" content=\"image\/jpeg\" \/>\n<meta name=\"twitter:card\" content=\"summary_large_image\" \/>\n<meta name=\"twitter:site\" content=\"@mcspa_org\" \/>\n<meta name=\"twitter:label1\" content=\"Tiempo de lectura\" \/>\n\t<meta name=\"twitter:data1\" content=\"2 minutos\" \/>\n<script type=\"application\/ld+json\" class=\"yoast-schema-graph\">{\"@context\":\"https:\/\/schema.org\",\"@graph\":[{\"@type\":\"WebPage\",\"@id\":\"https:\/\/mcspa.org\/es\/nuestra-espiritualidad\/\",\"url\":\"https:\/\/mcspa.org\/es\/nuestra-espiritualidad\/\",\"name\":\"Nuestra espiritualidad - Comunidad misionera de San Pablo Apostol - MCSPA\",\"isPartOf\":{\"@id\":\"https:\/\/mcspa.org\/#website\"},\"primaryImageOfPage\":{\"@id\":\"https:\/\/mcspa.org\/es\/nuestra-espiritualidad\/#primaryimage\"},\"image\":{\"@id\":\"https:\/\/mcspa.org\/es\/nuestra-espiritualidad\/#primaryimage\"},\"thumbnailUrl\":\"https:\/\/mcspa.org\/wp-content\/uploads\/2021\/07\/spirituality-1.jpg\",\"datePublished\":\"2021-07-01T09:10:11+00:00\",\"dateModified\":\"2022-07-02T07:42:23+00:00\",\"breadcrumb\":{\"@id\":\"https:\/\/mcspa.org\/es\/nuestra-espiritualidad\/#breadcrumb\"},\"inLanguage\":\"es\",\"potentialAction\":[{\"@type\":\"ReadAction\",\"target\":[\"https:\/\/mcspa.org\/es\/nuestra-espiritualidad\/\"]}]},{\"@type\":\"ImageObject\",\"inLanguage\":\"es\",\"@id\":\"https:\/\/mcspa.org\/es\/nuestra-espiritualidad\/#primaryimage\",\"url\":\"https:\/\/mcspa.org\/wp-content\/uploads\/2021\/07\/spirituality-1.jpg\",\"contentUrl\":\"https:\/\/mcspa.org\/wp-content\/uploads\/2021\/07\/spirituality-1.jpg\",\"width\":1920,\"height\":886},{\"@type\":\"BreadcrumbList\",\"@id\":\"https:\/\/mcspa.org\/es\/nuestra-espiritualidad\/#breadcrumb\",\"itemListElement\":[{\"@type\":\"ListItem\",\"position\":1,\"name\":\"Portada\",\"item\":\"https:\/\/mcspa.org\/es\/agency-homepage\/\"},{\"@type\":\"ListItem\",\"position\":2,\"name\":\"Nuestra espiritualidad\"}]},{\"@type\":\"WebSite\",\"@id\":\"https:\/\/mcspa.org\/#website\",\"url\":\"https:\/\/mcspa.org\/\",\"name\":\"Comunidad misionera de San Pablo Apostol - MCSPA\",\"description\":\"\",\"publisher\":{\"@id\":\"https:\/\/mcspa.org\/#organization\"},\"potentialAction\":[{\"@type\":\"SearchAction\",\"target\":{\"@type\":\"EntryPoint\",\"urlTemplate\":\"https:\/\/mcspa.org\/?s={search_term_string}\"},\"query-input\":{\"@type\":\"PropertyValueSpecification\",\"valueRequired\":true,\"valueName\":\"search_term_string\"}}],\"inLanguage\":\"es\"},{\"@type\":\"Organization\",\"@id\":\"https:\/\/mcspa.org\/#organization\",\"name\":\"Missionary Community of St. Paul the Apostle - MCSPA\",\"url\":\"https:\/\/mcspa.org\/\",\"logo\":{\"@type\":\"ImageObject\",\"inLanguage\":\"es\",\"@id\":\"https:\/\/mcspa.org\/#\/schema\/logo\/image\/\",\"url\":\"https:\/\/mcspa.org\/wp-content\/uploads\/2022\/11\/MCSPA-logo-english.png\",\"contentUrl\":\"https:\/\/mcspa.org\/wp-content\/uploads\/2022\/11\/MCSPA-logo-english.png\",\"width\":3614,\"height\":1244,\"caption\":\"Missionary Community of St. Paul the Apostle - MCSPA\"},\"image\":{\"@id\":\"https:\/\/mcspa.org\/#\/schema\/logo\/image\/\"},\"sameAs\":[\"https:\/\/www.facebook.com\/mcspa\",\"https:\/\/x.com\/mcspa_org\",\"https:\/\/www.instagram.com\/mcspa_mmc\/\",\"https:\/\/www.youtube.com\/channel\/UC1df8SuPOPbFtMhlokt9gZQ\",\"https:\/\/www.youtube.com\/c\/MCSPA\"]}]}<\/script>\n<!-- \/ Yoast SEO plugin. -->","yoast_head_json":{"title":"Nuestra espiritualidad - Comunidad misionera de San Pablo Apostol - MCSPA","robots":{"index":"index","follow":"follow","max-snippet":"max-snippet:-1","max-image-preview":"max-image-preview:large","max-video-preview":"max-video-preview:-1"},"canonical":"https:\/\/mcspa.org\/es\/nuestra-espiritualidad\/","og_locale":"es_ES","og_type":"article","og_title":"Nuestra espiritualidad - Comunidad misionera de San Pablo Apostol - MCSPA","og_description":"[vc_section full_width=&#8221;stretch_row_content&#8221; content_placement=&#8221;middle&#8221; css_animation=&#8221;fadeIn&#8221; el_class=&#8221;light-scheme&#8221; css=&#8221;.vc_custom_1578765654708{padding-top: 0px !important;padding-bottom: 0px !important;}&#8221; el_id=&#8221;split-section&#8221;][vc_row equal_height=&#8221;yes&#8221; rtl_reverse=&#8221;yes&#8221; content_placement=&#8221;middle&#8221;][vc_column width=&#8221;1\/2&#8243; css=&#8221;.vc_custom_1646728729566{padding-top: 50px !important;padding-bottom: 50px !important;}&#8221; offset=&#8221;vc_hidden-sm vc_hidden-xs&#8221;][vc_row_inner gap=&#8221;35&#8243; css=&#8221;.vc_custom_1578757110145{padding-top: 50px !important;padding-bottom: 50px !important;}&#8221;][vc_column_inner width=&#8221;1\/6&#8243;][\/vc_column_inner][vc_column_inner width=&#8221;2\/3&#8243;][vc_column_text]El carisma de la Comunidad Misionera de San Pablo Ap\u00f3stol es vivir intensamente la espiritualidad de Cristo, Buen Pastor, con la dimensi\u00f3n de llamar vocacionales a [&hellip;]","og_url":"https:\/\/mcspa.org\/es\/nuestra-espiritualidad\/","og_site_name":"Comunidad misionera de San Pablo Apostol - MCSPA","article_publisher":"https:\/\/www.facebook.com\/mcspa","article_modified_time":"2022-07-02T07:42:23+00:00","og_image":[{"width":1920,"height":886,"url":"https:\/\/mcspa.org\/wp-content\/uploads\/2021\/07\/spirituality-1.jpg","type":"image\/jpeg"}],"twitter_card":"summary_large_image","twitter_site":"@mcspa_org","twitter_misc":{"Tiempo de lectura":"2 minutos"},"schema":{"@context":"https:\/\/schema.org","@graph":[{"@type":"WebPage","@id":"https:\/\/mcspa.org\/es\/nuestra-espiritualidad\/","url":"https:\/\/mcspa.org\/es\/nuestra-espiritualidad\/","name":"Nuestra espiritualidad - Comunidad misionera de San Pablo Apostol - MCSPA","isPartOf":{"@id":"https:\/\/mcspa.org\/#website"},"primaryImageOfPage":{"@id":"https:\/\/mcspa.org\/es\/nuestra-espiritualidad\/#primaryimage"},"image":{"@id":"https:\/\/mcspa.org\/es\/nuestra-espiritualidad\/#primaryimage"},"thumbnailUrl":"https:\/\/mcspa.org\/wp-content\/uploads\/2021\/07\/spirituality-1.jpg","datePublished":"2021-07-01T09:10:11+00:00","dateModified":"2022-07-02T07:42:23+00:00","breadcrumb":{"@id":"https:\/\/mcspa.org\/es\/nuestra-espiritualidad\/#breadcrumb"},"inLanguage":"es","potentialAction":[{"@type":"ReadAction","target":["https:\/\/mcspa.org\/es\/nuestra-espiritualidad\/"]}]},{"@type":"ImageObject","inLanguage":"es","@id":"https:\/\/mcspa.org\/es\/nuestra-espiritualidad\/#primaryimage","url":"https:\/\/mcspa.org\/wp-content\/uploads\/2021\/07\/spirituality-1.jpg","contentUrl":"https:\/\/mcspa.org\/wp-content\/uploads\/2021\/07\/spirituality-1.jpg","width":1920,"height":886},{"@type":"BreadcrumbList","@id":"https:\/\/mcspa.org\/es\/nuestra-espiritualidad\/#breadcrumb","itemListElement":[{"@type":"ListItem","position":1,"name":"Portada","item":"https:\/\/mcspa.org\/es\/agency-homepage\/"},{"@type":"ListItem","position":2,"name":"Nuestra espiritualidad"}]},{"@type":"WebSite","@id":"https:\/\/mcspa.org\/#website","url":"https:\/\/mcspa.org\/","name":"Comunidad misionera de San Pablo Apostol - MCSPA","description":"","publisher":{"@id":"https:\/\/mcspa.org\/#organization"},"potentialAction":[{"@type":"SearchAction","target":{"@type":"EntryPoint","urlTemplate":"https:\/\/mcspa.org\/?s={search_term_string}"},"query-input":{"@type":"PropertyValueSpecification","valueRequired":true,"valueName":"search_term_string"}}],"inLanguage":"es"},{"@type":"Organization","@id":"https:\/\/mcspa.org\/#organization","name":"Missionary Community of St. Paul the Apostle - MCSPA","url":"https:\/\/mcspa.org\/","logo":{"@type":"ImageObject","inLanguage":"es","@id":"https:\/\/mcspa.org\/#\/schema\/logo\/image\/","url":"https:\/\/mcspa.org\/wp-content\/uploads\/2022\/11\/MCSPA-logo-english.png","contentUrl":"https:\/\/mcspa.org\/wp-content\/uploads\/2022\/11\/MCSPA-logo-english.png","width":3614,"height":1244,"caption":"Missionary Community of St. Paul the Apostle - MCSPA"},"image":{"@id":"https:\/\/mcspa.org\/#\/schema\/logo\/image\/"},"sameAs":["https:\/\/www.facebook.com\/mcspa","https:\/\/x.com\/mcspa_org","https:\/\/www.instagram.com\/mcspa_mmc\/","https:\/\/www.youtube.com\/channel\/UC1df8SuPOPbFtMhlokt9gZQ","https:\/\/www.youtube.com\/c\/MCSPA"]}]}},"_links":{"self":[{"href":"https:\/\/mcspa.org\/es\/wp-json\/wp\/v2\/pages\/1736","targetHints":{"allow":["GET"]}}],"collection":[{"href":"https:\/\/mcspa.org\/es\/wp-json\/wp\/v2\/pages"}],"about":[{"href":"https:\/\/mcspa.org\/es\/wp-json\/wp\/v2\/types\/page"}],"author":[{"embeddable":true,"href":"https:\/\/mcspa.org\/es\/wp-json\/wp\/v2\/users\/1"}],"replies":[{"embeddable":true,"href":"https:\/\/mcspa.org\/es\/wp-json\/wp\/v2\/comments?post=1736"}],"version-history":[{"count":13,"href":"https:\/\/mcspa.org\/es\/wp-json\/wp\/v2\/pages\/1736\/revisions"}],"predecessor-version":[{"id":3426,"href":"https:\/\/mcspa.org\/es\/wp-json\/wp\/v2\/pages\/1736\/revisions\/3426"}],"wp:featuredmedia":[{"embeddable":true,"href":"https:\/\/mcspa.org\/es\/wp-json\/wp\/v2\/media\/1814"}],"wp:attachment":[{"href":"https:\/\/mcspa.org\/es\/wp-json\/wp\/v2\/media?parent=1736"}],"curies":[{"name":"wp","href":"https:\/\/api.w.org\/{rel}","templated":true}]}}