{"id":1723,"date":"2021-07-01T11:53:20","date_gmt":"2021-07-01T08:53:20","guid":{"rendered":"http:\/\/mcspa.org\/?page_id=1723"},"modified":"2024-04-25T12:50:25","modified_gmt":"2024-04-25T09:50:25","slug":"la-comunidad","status":"publish","type":"page","link":"https:\/\/mcspa.org\/es\/la-comunidad\/","title":{"rendered":"La comunidad"},"content":{"rendered":"<div class=\"wpb-content-wrapper\"><p>[vc_section full_width=&#8221;stretch_row_content&#8221; content_placement=&#8221;middle&#8221; css_animation=&#8221;fadeIn&#8221; el_class=&#8221;light-scheme&#8221; css=&#8221;.vc_custom_1578765654708{padding-top: 0px !important;padding-bottom: 0px !important;}&#8221; el_id=&#8221;split-section&#8221;][vc_row equal_height=&#8221;yes&#8221; rtl_reverse=&#8221;yes&#8221; content_placement=&#8221;middle&#8221;][vc_column width=&#8221;1\/2&#8243; css=&#8221;.vc_custom_1655906072517{padding-top: 50px !important;padding-bottom: 50px !important;}&#8221; offset=&#8221;vc_hidden-sm vc_hidden-xs&#8221;][vc_row_inner gap=&#8221;35&#8243; css=&#8221;.vc_custom_1578757110145{padding-top: 50px !important;padding-bottom: 50px !important;}&#8221;][vc_column_inner width=&#8221;1\/6&#8243;][\/vc_column_inner][vc_column_inner width=&#8221;2\/3&#8243;][vc_column_text]<span style=\"font-weight: 400;\">La Comunidad Misionera de San Pablo Ap\u00f3stol y Mar\u00eda, Madre de la Iglesia es una asociaci\u00f3n p\u00fablica de fieles de la Iglesia Cat\u00f3lica, formada por sacerdotes y laicos, hombres y mujeres, de diferentes partes del mundo.<\/span><\/p>\n<p><span style=\"font-weight: 400;\"><strong>Nuestra Inspiraci\u00f3n Original es vivir como Cristo y sus ap\u00f3stoles.<\/strong> Cristo llam\u00f3 a hombres y mujeres a dejarlo todo para estar con \u00e9l, experimentando la fe, la esperanza y la caridad, creando as\u00ed v\u00ednculos de amistad permanentes entre ellos.<\/span>[\/vc_column_text][\/vc_column_inner][vc_column_inner width=&#8221;1\/6&#8243;][\/vc_column_inner][\/vc_row_inner][\/vc_column][vc_column width=&#8221;1\/2&#8243; css=&#8221;.vc_custom_1655906062813{padding-top: 150px !important;padding-bottom: 150px !important;background-image: url(http:\/\/mcspa.org\/wp-content\/uploads\/2022\/02\/thecommunity1.jpg?id=2997) !important;background-position: center !important;background-repeat: no-repeat !important;background-size: contain !important;}&#8221; offset=&#8221;vc_hidden-sm vc_hidden-xs&#8221;][\/vc_column][\/vc_row][vc_row equal_height=&#8221;yes&#8221; rtl_reverse=&#8221;yes&#8221; content_placement=&#8221;middle&#8221;][vc_column css=&#8221;.vc_custom_1655906092689{padding-top: 150px !important;padding-bottom: 150px !important;background-position: center !important;background-repeat: no-repeat !important;background-size: cover !important;}&#8221; offset=&#8221;vc_hidden-lg vc_hidden-md&#8221;][vc_row_inner gap=&#8221;35&#8243; css=&#8221;.vc_custom_1578757110145{padding-top: 50px !important;padding-bottom: 50px !important;}&#8221;][vc_column_inner][vc_column_text]<span style=\"font-weight: 400;\">La Comunidad Misionera de San Pablo Ap\u00f3stol y Mar\u00eda, Madre de la Iglesia es una asociaci\u00f3n p\u00fablica de fieles de la Iglesia Cat\u00f3lica, formada por sacerdotes y laicos, hombres y mujeres, de diferentes partes del mundo.<\/span><\/p>\n<p><span style=\"font-weight: 400;\"><strong>Nuestra Inspiraci\u00f3n Original es vivir como Cristo y sus ap\u00f3stoles.<\/strong> Cristo llam\u00f3 a hombres y mujeres a dejarlo todo para estar con \u00e9l, experimentando la fe, la esperanza y la caridad, creando as\u00ed v\u00ednculos de amistad permanentes entre ellos.<\/span>[\/vc_column_text][\/vc_column_inner][\/vc_row_inner][\/vc_column][\/vc_row][\/vc_section][vc_section full_width=&#8221;stretch_row_content&#8221; content_placement=&#8221;middle&#8221; css_animation=&#8221;fadeIn&#8221; el_class=&#8221;light-scheme&#8221; css=&#8221;.vc_custom_1578765654708{padding-top: 0px !important;padding-bottom: 0px !important;}&#8221;][vc_row equal_height=&#8221;yes&#8221; rtl_reverse=&#8221;yes&#8221; content_placement=&#8221;middle&#8221;][vc_column width=&#8221;1\/2&#8243; css=&#8221;.vc_custom_1714038615346{padding-top: 150px !important;padding-bottom: 150px !important;background-image: url(https:\/\/mcspa.org\/wp-content\/uploads\/2024\/04\/F.-Kenia-2.jpeg?id=8885) !important;background-position: center !important;background-repeat: no-repeat !important;background-size: contain !important;}&#8221; offset=&#8221;vc_hidden-sm vc_hidden-xs&#8221;][\/vc_column][vc_column width=&#8221;1\/2&#8243; css=&#8221;.vc_custom_1655905323927{padding-top: 50px !important;padding-bottom: 50px !important;background-position: center !important;background-repeat: no-repeat !important;background-size: cover !important;}&#8221; offset=&#8221;vc_hidden-sm vc_hidden-xs&#8221;][vc_row_inner gap=&#8221;35&#8243; css=&#8221;.vc_custom_1578757110145{padding-top: 50px !important;padding-bottom: 50px !important;}&#8221;][vc_column_inner width=&#8221;1\/6&#8243;][\/vc_column_inner][vc_column_inner width=&#8221;2\/3&#8243;][vc_column_text]<\/p>\n<blockquote>\n<h3>El que haya dejado casas o hermanos o hermanas\u2026 por mi causa, recibir\u00e1 el ciento por uno<\/h3>\n<\/blockquote>\n<p>[\/vc_column_text][vc_column_text]<span style=\"font-weight: 400;\">Para nosotros la vida comunitaria es la base de nuestro <strong>crecimiento espiritual y humano.<\/strong> En este compartir descubrimos qui\u00e9nes somos realmente, cu\u00e1l es nuestra vocaci\u00f3n y destino com\u00fan, y aprendemos a olvidarnos de nosotros mismos para que Dios pueda hablar a trav\u00e9s de nuestras acciones.\u00a0<\/span><\/p>\n<p><span style=\"font-weight: 400;\">La fe en Dios construye la confianza mutua; El amor incondicional de Cristo nos obliga a cuidarnos y querernos unos a otros sin condiciones. Es nuestra alegr\u00eda encontrar hermanos y hermanas con quienes caminar en un camino que no tiene fin. <\/span><i><span style=\"font-weight: 400;\">\u201cEl que haya dejado casas, hermanos o hermanas\u2026 por m\u00ed, recibir\u00e1 el ciento por uno\u201d<\/span><\/i><span style=\"font-weight: 400;\"> Mt 19,29<\/span>[\/vc_column_text][\/vc_column_inner][vc_column_inner width=&#8221;1\/6&#8243;][\/vc_column_inner][\/vc_row_inner][\/vc_column][\/vc_row][vc_row equal_height=&#8221;yes&#8221; rtl_reverse=&#8221;yes&#8221; content_placement=&#8221;middle&#8221;][vc_column parallax=&#8221;content-moving&#8221; parallax_image=&#8221;2999&#8243; css=&#8221;.vc_custom_1655905196325{padding-top: 300px !important;padding-bottom: 300px !important;background-position: center !important;background-repeat: no-repeat !important;background-size: cover !important;}&#8221; offset=&#8221;vc_hidden-lg vc_hidden-md&#8221;][\/vc_column][vc_column css=&#8221;.vc_custom_1655905205531{background-position: center !important;background-repeat: no-repeat !important;background-size: cover !important;}&#8221; offset=&#8221;vc_hidden-lg vc_hidden-md&#8221;][vc_row_inner gap=&#8221;35&#8243; css=&#8221;.vc_custom_1578757110145{padding-top: 50px !important;padding-bottom: 50px !important;}&#8221;][vc_column_inner width=&#8221;1\/6&#8243;][\/vc_column_inner][vc_column_inner width=&#8221;2\/3&#8243;][vc_column_text]<\/p>\n<blockquote>\n<h3>El que haya dejado casas o hermanos o hermanas\u2026 por mi causa, recibir\u00e1 el ciento por uno<\/h3>\n<\/blockquote>\n<p>[\/vc_column_text][vc_column_text]<span style=\"font-weight: 400;\">Para nosotros la vida comunitaria es la base de nuestro <strong>crecimiento espiritual y humano.<\/strong> En este compartir descubrimos qui\u00e9nes somos realmente, cu\u00e1l es nuestra vocaci\u00f3n y destino com\u00fan, y aprendemos a olvidarnos de nosotros mismos para que Dios pueda hablar a trav\u00e9s de nuestras acciones.\u00a0<\/span><\/p>\n<p><span style=\"font-weight: 400;\">La fe en Dios construye la confianza mutua; El amor incondicional de Cristo nos obliga a cuidarnos y querernos unos a otros sin condiciones. Es nuestra alegr\u00eda encontrar hermanos y hermanas con quienes caminar en un camino que no tiene fin. <\/span><i><span style=\"font-weight: 400;\">\u201cEl que haya dejado casas, hermanos o hermanas\u2026 por m\u00ed, recibir\u00e1 el ciento por uno\u201d<\/span><\/i><span style=\"font-weight: 400;\"> Mt 19,29<\/span>[\/vc_column_text][\/vc_column_inner][vc_column_inner width=&#8221;1\/6&#8243;][\/vc_column_inner][\/vc_row_inner][\/vc_column][\/vc_row][\/vc_section]<\/p>\n<\/div>","protected":false},"excerpt":{"rendered":"<p>[vc_section full_width=&#8221;stretch_row_content&#8221; content_placement=&#8221;middle&#8221; css_animation=&#8221;fadeIn&#8221; el_class=&#8221;light-scheme&#8221; css=&#8221;.vc_custom_1578765654708{padding-top: 0px !important;padding-bottom: 0px !important;}&#8221; el_id=&#8221;split-section&#8221;][vc_row equal_height=&#8221;yes&#8221; rtl_reverse=&#8221;yes&#8221; content_placement=&#8221;middle&#8221;][vc_column width=&#8221;1\/2&#8243; css=&#8221;.vc_custom_1655906072517{padding-top: 50px !important;padding-bottom: 50px !important;}&#8221; offset=&#8221;vc_hidden-sm vc_hidden-xs&#8221;][vc_row_inner gap=&#8221;35&#8243; css=&#8221;.vc_custom_1578757110145{padding-top: 50px !important;padding-bottom: 50px !important;}&#8221;][vc_column_inner width=&#8221;1\/6&#8243;][\/vc_column_inner][vc_column_inner width=&#8221;2\/3&#8243;][vc_column_text]La Comunidad Misionera de San Pablo Ap\u00f3stol y Mar\u00eda, Madre de la Iglesia es una asociaci\u00f3n p\u00fablica de fieles de la Iglesia Cat\u00f3lica, formada por sacerdotes [&hellip;]<\/p>\n","protected":false},"author":1,"featured_media":1792,"parent":0,"menu_order":0,"comment_status":"closed","ping_status":"closed","template":"","meta":{"footnotes":""},"class_list":["post-1723","page","type-page","status-publish","has-post-thumbnail","hentry"],"yoast_head":"<!-- This site is optimized with the Yoast SEO plugin v27.2 - https:\/\/yoast.com\/product\/yoast-seo-wordpress\/ -->\n<title>La comunidad - Comunidad misionera de San Pablo Apostol - MCSPA<\/title>\n<meta name=\"robots\" content=\"index, follow, max-snippet:-1, max-image-preview:large, max-video-preview:-1\" \/>\n<link rel=\"canonical\" href=\"https:\/\/mcspa.org\/es\/la-comunidad\/\" \/>\n<meta property=\"og:locale\" content=\"es_ES\" \/>\n<meta property=\"og:type\" content=\"article\" \/>\n<meta property=\"og:title\" content=\"La comunidad - Comunidad misionera de San Pablo Apostol - MCSPA\" \/>\n<meta property=\"og:description\" content=\"[vc_section full_width=&#8221;stretch_row_content&#8221; content_placement=&#8221;middle&#8221; css_animation=&#8221;fadeIn&#8221; el_class=&#8221;light-scheme&#8221; css=&#8221;.vc_custom_1578765654708{padding-top: 0px !important;padding-bottom: 0px !important;}&#8221; el_id=&#8221;split-section&#8221;][vc_row equal_height=&#8221;yes&#8221; rtl_reverse=&#8221;yes&#8221; content_placement=&#8221;middle&#8221;][vc_column width=&#8221;1\/2&#8243; css=&#8221;.vc_custom_1655906072517{padding-top: 50px !important;padding-bottom: 50px !important;}&#8221; offset=&#8221;vc_hidden-sm vc_hidden-xs&#8221;][vc_row_inner gap=&#8221;35&#8243; css=&#8221;.vc_custom_1578757110145{padding-top: 50px !important;padding-bottom: 50px !important;}&#8221;][vc_column_inner width=&#8221;1\/6&#8243;][\/vc_column_inner][vc_column_inner width=&#8221;2\/3&#8243;][vc_column_text]La Comunidad Misionera de San Pablo Ap\u00f3stol y Mar\u00eda, Madre de la Iglesia es una asociaci\u00f3n p\u00fablica de fieles de la Iglesia Cat\u00f3lica, formada por sacerdotes [&hellip;]\" \/>\n<meta property=\"og:url\" content=\"https:\/\/mcspa.org\/es\/la-comunidad\/\" \/>\n<meta property=\"og:site_name\" content=\"Comunidad misionera de San Pablo Apostol - MCSPA\" \/>\n<meta property=\"article:publisher\" content=\"https:\/\/www.facebook.com\/mcspa\" \/>\n<meta property=\"article:modified_time\" content=\"2024-04-25T09:50:25+00:00\" \/>\n<meta property=\"og:image\" content=\"https:\/\/mcspa.org\/wp-content\/uploads\/2021\/07\/thecommunity-2.jpg\" \/>\n\t<meta property=\"og:image:width\" content=\"1500\" \/>\n\t<meta property=\"og:image:height\" content=\"548\" \/>\n\t<meta property=\"og:image:type\" content=\"image\/jpeg\" \/>\n<meta name=\"twitter:card\" content=\"summary_large_image\" \/>\n<meta name=\"twitter:site\" content=\"@mcspa_org\" \/>\n<meta name=\"twitter:label1\" content=\"Tiempo de lectura\" \/>\n\t<meta name=\"twitter:data1\" content=\"3 minutos\" \/>\n<script type=\"application\/ld+json\" class=\"yoast-schema-graph\">{\"@context\":\"https:\/\/schema.org\",\"@graph\":[{\"@type\":\"WebPage\",\"@id\":\"https:\/\/mcspa.org\/es\/la-comunidad\/\",\"url\":\"https:\/\/mcspa.org\/es\/la-comunidad\/\",\"name\":\"La comunidad - Comunidad misionera de San Pablo Apostol - MCSPA\",\"isPartOf\":{\"@id\":\"https:\/\/mcspa.org\/#website\"},\"primaryImageOfPage\":{\"@id\":\"https:\/\/mcspa.org\/es\/la-comunidad\/#primaryimage\"},\"image\":{\"@id\":\"https:\/\/mcspa.org\/es\/la-comunidad\/#primaryimage\"},\"thumbnailUrl\":\"https:\/\/mcspa.org\/wp-content\/uploads\/2021\/07\/thecommunity-2.jpg\",\"datePublished\":\"2021-07-01T08:53:20+00:00\",\"dateModified\":\"2024-04-25T09:50:25+00:00\",\"breadcrumb\":{\"@id\":\"https:\/\/mcspa.org\/es\/la-comunidad\/#breadcrumb\"},\"inLanguage\":\"es\",\"potentialAction\":[{\"@type\":\"ReadAction\",\"target\":[\"https:\/\/mcspa.org\/es\/la-comunidad\/\"]}]},{\"@type\":\"ImageObject\",\"inLanguage\":\"es\",\"@id\":\"https:\/\/mcspa.org\/es\/la-comunidad\/#primaryimage\",\"url\":\"https:\/\/mcspa.org\/wp-content\/uploads\/2021\/07\/thecommunity-2.jpg\",\"contentUrl\":\"https:\/\/mcspa.org\/wp-content\/uploads\/2021\/07\/thecommunity-2.jpg\",\"width\":1500,\"height\":548},{\"@type\":\"BreadcrumbList\",\"@id\":\"https:\/\/mcspa.org\/es\/la-comunidad\/#breadcrumb\",\"itemListElement\":[{\"@type\":\"ListItem\",\"position\":1,\"name\":\"Portada\",\"item\":\"https:\/\/mcspa.org\/es\/agency-homepage\/\"},{\"@type\":\"ListItem\",\"position\":2,\"name\":\"La comunidad\"}]},{\"@type\":\"WebSite\",\"@id\":\"https:\/\/mcspa.org\/#website\",\"url\":\"https:\/\/mcspa.org\/\",\"name\":\"Comunidad misionera de San Pablo Apostol - MCSPA\",\"description\":\"\",\"publisher\":{\"@id\":\"https:\/\/mcspa.org\/#organization\"},\"potentialAction\":[{\"@type\":\"SearchAction\",\"target\":{\"@type\":\"EntryPoint\",\"urlTemplate\":\"https:\/\/mcspa.org\/?s={search_term_string}\"},\"query-input\":{\"@type\":\"PropertyValueSpecification\",\"valueRequired\":true,\"valueName\":\"search_term_string\"}}],\"inLanguage\":\"es\"},{\"@type\":\"Organization\",\"@id\":\"https:\/\/mcspa.org\/#organization\",\"name\":\"Missionary Community of St. Paul the Apostle - MCSPA\",\"url\":\"https:\/\/mcspa.org\/\",\"logo\":{\"@type\":\"ImageObject\",\"inLanguage\":\"es\",\"@id\":\"https:\/\/mcspa.org\/#\/schema\/logo\/image\/\",\"url\":\"https:\/\/mcspa.org\/wp-content\/uploads\/2022\/11\/MCSPA-logo-english.png\",\"contentUrl\":\"https:\/\/mcspa.org\/wp-content\/uploads\/2022\/11\/MCSPA-logo-english.png\",\"width\":3614,\"height\":1244,\"caption\":\"Missionary Community of St. Paul the Apostle - MCSPA\"},\"image\":{\"@id\":\"https:\/\/mcspa.org\/#\/schema\/logo\/image\/\"},\"sameAs\":[\"https:\/\/www.facebook.com\/mcspa\",\"https:\/\/x.com\/mcspa_org\",\"https:\/\/www.instagram.com\/mcspa_mmc\/\",\"https:\/\/www.youtube.com\/channel\/UC1df8SuPOPbFtMhlokt9gZQ\",\"https:\/\/www.youtube.com\/c\/MCSPA\"]}]}<\/script>\n<!-- \/ Yoast SEO plugin. -->","yoast_head_json":{"title":"La comunidad - Comunidad misionera de San Pablo Apostol - MCSPA","robots":{"index":"index","follow":"follow","max-snippet":"max-snippet:-1","max-image-preview":"max-image-preview:large","max-video-preview":"max-video-preview:-1"},"canonical":"https:\/\/mcspa.org\/es\/la-comunidad\/","og_locale":"es_ES","og_type":"article","og_title":"La comunidad - Comunidad misionera de San Pablo Apostol - MCSPA","og_description":"[vc_section full_width=&#8221;stretch_row_content&#8221; content_placement=&#8221;middle&#8221; css_animation=&#8221;fadeIn&#8221; el_class=&#8221;light-scheme&#8221; css=&#8221;.vc_custom_1578765654708{padding-top: 0px !important;padding-bottom: 0px !important;}&#8221; el_id=&#8221;split-section&#8221;][vc_row equal_height=&#8221;yes&#8221; rtl_reverse=&#8221;yes&#8221; content_placement=&#8221;middle&#8221;][vc_column width=&#8221;1\/2&#8243; css=&#8221;.vc_custom_1655906072517{padding-top: 50px !important;padding-bottom: 50px !important;}&#8221; offset=&#8221;vc_hidden-sm vc_hidden-xs&#8221;][vc_row_inner gap=&#8221;35&#8243; css=&#8221;.vc_custom_1578757110145{padding-top: 50px !important;padding-bottom: 50px !important;}&#8221;][vc_column_inner width=&#8221;1\/6&#8243;][\/vc_column_inner][vc_column_inner width=&#8221;2\/3&#8243;][vc_column_text]La Comunidad Misionera de San Pablo Ap\u00f3stol y Mar\u00eda, Madre de la Iglesia es una asociaci\u00f3n p\u00fablica de fieles de la Iglesia Cat\u00f3lica, formada por sacerdotes [&hellip;]","og_url":"https:\/\/mcspa.org\/es\/la-comunidad\/","og_site_name":"Comunidad misionera de San Pablo Apostol - MCSPA","article_publisher":"https:\/\/www.facebook.com\/mcspa","article_modified_time":"2024-04-25T09:50:25+00:00","og_image":[{"width":1500,"height":548,"url":"https:\/\/mcspa.org\/wp-content\/uploads\/2021\/07\/thecommunity-2.jpg","type":"image\/jpeg"}],"twitter_card":"summary_large_image","twitter_site":"@mcspa_org","twitter_misc":{"Tiempo de lectura":"3 minutos"},"schema":{"@context":"https:\/\/schema.org","@graph":[{"@type":"WebPage","@id":"https:\/\/mcspa.org\/es\/la-comunidad\/","url":"https:\/\/mcspa.org\/es\/la-comunidad\/","name":"La comunidad - Comunidad misionera de San Pablo Apostol - MCSPA","isPartOf":{"@id":"https:\/\/mcspa.org\/#website"},"primaryImageOfPage":{"@id":"https:\/\/mcspa.org\/es\/la-comunidad\/#primaryimage"},"image":{"@id":"https:\/\/mcspa.org\/es\/la-comunidad\/#primaryimage"},"thumbnailUrl":"https:\/\/mcspa.org\/wp-content\/uploads\/2021\/07\/thecommunity-2.jpg","datePublished":"2021-07-01T08:53:20+00:00","dateModified":"2024-04-25T09:50:25+00:00","breadcrumb":{"@id":"https:\/\/mcspa.org\/es\/la-comunidad\/#breadcrumb"},"inLanguage":"es","potentialAction":[{"@type":"ReadAction","target":["https:\/\/mcspa.org\/es\/la-comunidad\/"]}]},{"@type":"ImageObject","inLanguage":"es","@id":"https:\/\/mcspa.org\/es\/la-comunidad\/#primaryimage","url":"https:\/\/mcspa.org\/wp-content\/uploads\/2021\/07\/thecommunity-2.jpg","contentUrl":"https:\/\/mcspa.org\/wp-content\/uploads\/2021\/07\/thecommunity-2.jpg","width":1500,"height":548},{"@type":"BreadcrumbList","@id":"https:\/\/mcspa.org\/es\/la-comunidad\/#breadcrumb","itemListElement":[{"@type":"ListItem","position":1,"name":"Portada","item":"https:\/\/mcspa.org\/es\/agency-homepage\/"},{"@type":"ListItem","position":2,"name":"La comunidad"}]},{"@type":"WebSite","@id":"https:\/\/mcspa.org\/#website","url":"https:\/\/mcspa.org\/","name":"Comunidad misionera de San Pablo Apostol - MCSPA","description":"","publisher":{"@id":"https:\/\/mcspa.org\/#organization"},"potentialAction":[{"@type":"SearchAction","target":{"@type":"EntryPoint","urlTemplate":"https:\/\/mcspa.org\/?s={search_term_string}"},"query-input":{"@type":"PropertyValueSpecification","valueRequired":true,"valueName":"search_term_string"}}],"inLanguage":"es"},{"@type":"Organization","@id":"https:\/\/mcspa.org\/#organization","name":"Missionary Community of St. Paul the Apostle - MCSPA","url":"https:\/\/mcspa.org\/","logo":{"@type":"ImageObject","inLanguage":"es","@id":"https:\/\/mcspa.org\/#\/schema\/logo\/image\/","url":"https:\/\/mcspa.org\/wp-content\/uploads\/2022\/11\/MCSPA-logo-english.png","contentUrl":"https:\/\/mcspa.org\/wp-content\/uploads\/2022\/11\/MCSPA-logo-english.png","width":3614,"height":1244,"caption":"Missionary Community of St. Paul the Apostle - MCSPA"},"image":{"@id":"https:\/\/mcspa.org\/#\/schema\/logo\/image\/"},"sameAs":["https:\/\/www.facebook.com\/mcspa","https:\/\/x.com\/mcspa_org","https:\/\/www.instagram.com\/mcspa_mmc\/","https:\/\/www.youtube.com\/channel\/UC1df8SuPOPbFtMhlokt9gZQ","https:\/\/www.youtube.com\/c\/MCSPA"]}]}},"_links":{"self":[{"href":"https:\/\/mcspa.org\/es\/wp-json\/wp\/v2\/pages\/1723","targetHints":{"allow":["GET"]}}],"collection":[{"href":"https:\/\/mcspa.org\/es\/wp-json\/wp\/v2\/pages"}],"about":[{"href":"https:\/\/mcspa.org\/es\/wp-json\/wp\/v2\/types\/page"}],"author":[{"embeddable":true,"href":"https:\/\/mcspa.org\/es\/wp-json\/wp\/v2\/users\/1"}],"replies":[{"embeddable":true,"href":"https:\/\/mcspa.org\/es\/wp-json\/wp\/v2\/comments?post=1723"}],"version-history":[{"count":15,"href":"https:\/\/mcspa.org\/es\/wp-json\/wp\/v2\/pages\/1723\/revisions"}],"predecessor-version":[{"id":8888,"href":"https:\/\/mcspa.org\/es\/wp-json\/wp\/v2\/pages\/1723\/revisions\/8888"}],"wp:featuredmedia":[{"embeddable":true,"href":"https:\/\/mcspa.org\/es\/wp-json\/wp\/v2\/media\/1792"}],"wp:attachment":[{"href":"https:\/\/mcspa.org\/es\/wp-json\/wp\/v2\/media?parent=1723"}],"curies":[{"name":"wp","href":"https:\/\/api.w.org\/{rel}","templated":true}]}}