{"id":1540,"date":"2020-01-10T21:02:14","date_gmt":"2020-01-10T18:02:14","guid":{"rendered":"http:\/\/mcspa.org\/quienes-somos\/"},"modified":"2022-08-26T11:02:41","modified_gmt":"2022-08-26T08:02:41","slug":"quienes-somos","status":"publish","type":"page","link":"https:\/\/mcspa.org\/es\/quienes-somos\/","title":{"rendered":"\u00bfQui\u00e9nes somos?"},"content":{"rendered":"<div class=\"wpb-content-wrapper\"><p>[vc_section full_width=&#8221;stretch_row_content&#8221; content_placement=&#8221;middle&#8221; css_animation=&#8221;fadeIn&#8221; el_class=&#8221;light-scheme&#8221; css=&#8221;.vc_custom_1578765654708{padding-top: 0px !important;padding-bottom: 0px !important;}&#8221; el_id=&#8221;split-section&#8221;][vc_row equal_height=&#8221;yes&#8221; rtl_reverse=&#8221;yes&#8221; content_placement=&#8221;middle&#8221;][vc_column width=&#8221;1\/2&#8243; css=&#8221;.vc_custom_1578769560056{padding-top: 150px !important;padding-bottom: 150px !important;}&#8221; offset=&#8221;vc_hidden-xs&#8221;][vc_row_inner gap=&#8221;35&#8243; css=&#8221;.vc_custom_1578757110145{padding-top: 50px !important;padding-bottom: 50px !important;}&#8221;][vc_column_inner width=&#8221;1\/6&#8243;][\/vc_column_inner][vc_column_inner width=&#8221;2\/3&#8243;][vc_column_text]<\/p>\n<h2 data-fontsize=\"35\" data-lineheight=\"45\">MCSPA<\/h2>\n<p>[\/vc_column_text][vc_column_text]La <strong>Comunidad Misionera de San Pablo Ap\u00f3stol y Mar\u00eda, Madre de la Iglesia <\/strong>es una <strong>asociaci\u00f3n p\u00fablica de fieles de la Iglesia Cat\u00f3lica<\/strong>, <strong>formada por sacerdotes y laicos, hombres y mujeres, de diferentes partes del mundo<\/strong>.<\/p>\n<p><span style=\"font-weight: 400;\">Nuestra Inspiraci\u00f3n Original es <strong>vivir como Cristo y sus ap\u00f3stoles<\/strong>. Cristo llam\u00f3 a hombres y mujeres a dejarlo todo para estar con \u00e9l, experimentando la fe, la esperanza y la caridad, creando as\u00ed v\u00ednculos de amistad permanentes entre ellos.<\/span>[\/vc_column_text][\/vc_column_inner][vc_column_inner width=&#8221;1\/6&#8243;][\/vc_column_inner][\/vc_row_inner][\/vc_column][vc_column parallax=&#8221;content-moving&#8221; parallax_image=&#8221;934&#8243; width=&#8221;1\/2&#8243; css=&#8221;.vc_custom_1578770803640{padding-top: 150px !important;padding-bottom: 150px !important;background-position: center !important;background-repeat: no-repeat !important;background-size: cover !important;}&#8221; offset=&#8221;vc_hidden-xs&#8221;][\/vc_column][\/vc_row][vc_row equal_height=&#8221;yes&#8221; rtl_reverse=&#8221;yes&#8221; content_placement=&#8221;middle&#8221;][vc_column parallax=&#8221;content-moving&#8221; parallax_image=&#8221;934&#8243; width=&#8221;1\/2&#8243; css=&#8221;.vc_custom_1578772430323{padding-top: 300px !important;padding-bottom: 300px !important;background-position: center !important;background-repeat: no-repeat !important;background-size: cover !important;}&#8221; offset=&#8221;vc_hidden-lg vc_hidden-md vc_hidden-sm vc_hidden-xs&#8221;][\/vc_column][vc_column width=&#8221;1\/2&#8243; css=&#8221;.vc_custom_1578771837809{background-position: center !important;background-repeat: no-repeat !important;background-size: cover !important;}&#8221; offset=&#8221;vc_hidden-lg vc_hidden-md vc_hidden-sm&#8221;][vc_row_inner gap=&#8221;35&#8243; css=&#8221;.vc_custom_1578757110145{padding-top: 50px !important;padding-bottom: 50px !important;}&#8221;][vc_column_inner width=&#8221;1\/6&#8243;][\/vc_column_inner][vc_column_inner width=&#8221;2\/3&#8243;][vc_column_text]<\/p>\n<h2 data-fontsize=\"35\" data-lineheight=\"45\">MCSPA<\/h2>\n<p>[\/vc_column_text][vc_column_text]La <strong>Comunidad Misionera de San Pablo Ap\u00f3stol y Mar\u00eda, Madre de la Iglesia <\/strong>es una <strong>asociaci\u00f3n p\u00fablica de fieles de la Iglesia Cat\u00f3lica<\/strong>, <strong>formada por sacerdotes y laicos, hombres y mujeres, de diferentes partes del mundo<\/strong>.<\/p>\n<p><span style=\"font-weight: 400;\">Nuestra Inspiraci\u00f3n Original es <strong>vivir como Cristo y sus ap\u00f3stoles<\/strong>. Cristo llam\u00f3 a hombres y mujeres a dejarlo todo para estar con \u00e9l, experimentando la fe, la esperanza y la caridad, creando as\u00ed v\u00ednculos de amistad permanentes entre ellos.<\/span>[\/vc_column_text][\/vc_column_inner][vc_column_inner width=&#8221;1\/6&#8243;][\/vc_column_inner][\/vc_row_inner][\/vc_column][\/vc_row][\/vc_section][vc_section full_width=&#8221;stretch_row_content&#8221; content_placement=&#8221;middle&#8221; css_animation=&#8221;fadeIn&#8221; el_class=&#8221;light-scheme&#8221; css=&#8221;.vc_custom_1578765654708{padding-top: 0px !important;padding-bottom: 0px !important;}&#8221;][vc_row equal_height=&#8221;yes&#8221; rtl_reverse=&#8221;yes&#8221; content_placement=&#8221;middle&#8221;][vc_column width=&#8221;1\/2&#8243; css=&#8221;.vc_custom_1578772878387{padding-top: 150px !important;padding-bottom: 150px !important;background-image: url(http:\/\/mcspa.org\/wp-content\/uploads\/2020\/01\/slidermcspa.png?id=1060) !important;background-position: center !important;background-repeat: no-repeat !important;background-size: cover !important;}&#8221; offset=&#8221;vc_hidden-xs&#8221;][\/vc_column][vc_column width=&#8221;1\/2&#8243; css=&#8221;.vc_custom_1578772872908{padding-top: 150px !important;padding-bottom: 150px !important;background-position: center !important;background-repeat: no-repeat !important;background-size: cover !important;}&#8221; offset=&#8221;vc_hidden-xs&#8221;][vc_row_inner gap=&#8221;35&#8243; css=&#8221;.vc_custom_1578757110145{padding-top: 50px !important;padding-bottom: 50px !important;}&#8221;][vc_column_inner width=&#8221;1\/6&#8243;][\/vc_column_inner][vc_column_inner width=&#8221;2\/3&#8243;][vc_column_text]<\/p>\n<h2 data-fontsize=\"35\" data-lineheight=\"45\">Nuestras Metas<\/h2>\n<p>[\/vc_column_text][vc_column_text]<span style=\"font-weight: 400;\">Diariamente <strong>creamos espacios para la oraci\u00f3n personal y comunitaria<\/strong>, y para el di\u00e1logo contemplativo con la sociedad que nos rodea. As\u00ed procuramos vivir en comuni\u00f3n con la Sant\u00edsima Trinidad:<\/span><\/p>\n<ul>\n<li style=\"font-weight: 400;\" aria-level=\"1\"><span style=\"font-weight: 400;\">Oraci\u00f3n diaria en soledad y silencio con el Padre;<\/span><\/li>\n<li style=\"font-weight: 400;\" aria-level=\"1\"><span style=\"font-weight: 400;\">Oraci\u00f3n comunitaria con los hermanos y hermanas, centrada en Cristo y la Eucarist\u00eda;<\/span><\/li>\n<li style=\"font-weight: 400;\" aria-level=\"1\"><span style=\"font-weight: 400;\">Finalmente oraci\u00f3n en el mundo, al llevar a cabo los apostolados diarios bajo la gu\u00eda del Esp\u00edritu Santo.<\/span><\/li>\n<\/ul>\n<p>[\/vc_column_text][\/vc_column_inner][vc_column_inner width=&#8221;1\/6&#8243;][\/vc_column_inner][\/vc_row_inner][\/vc_column][\/vc_row][vc_row equal_height=&#8221;yes&#8221; rtl_reverse=&#8221;yes&#8221; content_placement=&#8221;middle&#8221;][vc_column width=&#8221;1\/2&#8243; css=&#8221;.vc_custom_1578772896807{padding-top: 300px !important;padding-bottom: 300px !important;background-image: url(http:\/\/mcspa.org\/wp-content\/uploads\/2020\/01\/slidermcspa.png?id=1060) !important;background-position: center !important;background-repeat: no-repeat !important;background-size: cover !important;}&#8221; offset=&#8221;vc_hidden-lg vc_hidden-md vc_hidden-sm&#8221;][\/vc_column][vc_column width=&#8221;1\/2&#8243; css=&#8221;.vc_custom_1578772904562{background-position: center !important;background-repeat: no-repeat !important;background-size: cover !important;}&#8221; offset=&#8221;vc_hidden-lg vc_hidden-md vc_hidden-sm&#8221;][vc_row_inner gap=&#8221;35&#8243; css=&#8221;.vc_custom_1578757110145{padding-top: 50px !important;padding-bottom: 50px !important;}&#8221;][vc_column_inner width=&#8221;1\/6&#8243;][\/vc_column_inner][vc_column_inner width=&#8221;2\/3&#8243;][vc_column_text]<\/p>\n<h2 data-fontsize=\"35\" data-lineheight=\"45\">Nuestras Metas<\/h2>\n<p>[\/vc_column_text][vc_column_text]<span style=\"font-weight: 400;\">Diariamente <strong>creamos espacios para la oraci\u00f3n personal y comunitaria<\/strong>, y para el di\u00e1logo contemplativo con la sociedad que nos rodea. As\u00ed procuramos vivir en comuni\u00f3n con la Sant\u00edsima Trinidad:<\/span><\/p>\n<ul>\n<li style=\"font-weight: 400;\" aria-level=\"1\"><span style=\"font-weight: 400;\">Oraci\u00f3n diaria en soledad y silencio con el Padre;<\/span><\/li>\n<li style=\"font-weight: 400;\" aria-level=\"1\"><span style=\"font-weight: 400;\">Oraci\u00f3n comunitaria con los hermanos y hermanas, centrada en Cristo y la Eucarist\u00eda;<\/span><\/li>\n<li style=\"font-weight: 400;\" aria-level=\"1\"><span style=\"font-weight: 400;\">Finalmente oraci\u00f3n en el mundo, al llevar a cabo los apostolados diarios bajo la gu\u00eda del Esp\u00edritu Santo.<\/span><\/li>\n<\/ul>\n<p>[\/vc_column_text][\/vc_column_inner][vc_column_inner width=&#8221;1\/6&#8243;][\/vc_column_inner][\/vc_row_inner][\/vc_column][\/vc_row][\/vc_section][vc_section full_width=&#8221;stretch_row_content&#8221; content_placement=&#8221;middle&#8221; css_animation=&#8221;fadeIn&#8221; el_class=&#8221;light-scheme&#8221; css=&#8221;.vc_custom_1578765654708{padding-top: 0px !important;padding-bottom: 0px !important;}&#8221;][\/vc_section][vc_section full_width=&#8221;stretch_row_content&#8221; content_placement=&#8221;middle&#8221; css_animation=&#8221;fadeIn&#8221; el_class=&#8221;light-scheme&#8221; css=&#8221;.vc_custom_1578765663228{padding-top: 0px !important;padding-bottom: 0px !important;}&#8221;][vc_row equal_height=&#8221;yes&#8221; content_placement=&#8221;middle&#8221;][vc_column width=&#8221;1\/2&#8243; css=&#8221;.vc_custom_1578771622185{padding-top: 150px !important;padding-bottom: 150px !important;background-position: center !important;background-repeat: no-repeat !important;background-size: cover !important;}&#8221; offset=&#8221;vc_hidden-xs&#8221;][vc_row_inner gap=&#8221;35&#8243; css=&#8221;.vc_custom_1578757120204{padding-top: 50px !important;padding-bottom: 50px !important;}&#8221;][vc_column_inner width=&#8221;1\/6&#8243;][\/vc_column_inner][vc_column_inner width=&#8221;2\/3&#8243;][vc_column_text]<\/p>\n<h2>Nuestro Enfoque<\/h2>\n<p>[\/vc_column_text][vc_column_text]<span style=\"font-weight: 400;\"><strong>Promovemos el desarrollo integral del ser humano<\/strong>, dando prioridad a los m\u00e1s necesitados. <\/span><\/p>\n<p><span style=\"font-weight: 400;\"><strong>Desarrollar los recursos acu\u00edferos<\/strong> como base para cualquier otra acci\u00f3n es fundamental para nosotros, y paulatinamente abarcamos otros campos como la salud, la nutrici\u00f3n, la agricultura, la educaci\u00f3n, y la atenci\u00f3n pastoral, seg\u00fan las necesidades de cada lugar.<\/span><\/p>\n<p><span style=\"font-weight: 400;\">En este contexto <strong>\u00c1frica es el foco principal de nuestra acci\u00f3n<\/strong>, pero tambi\u00e9n estamos abiertos para ser enviados a otros lugares remotos donde grupos y sociedades enteras han quedado marginados de los procesos de desarrollo y autosuficiencia. Podr\u00edamos decir que nuestra misi\u00f3n global es \u201c<strong>ajardinar el mundo<\/strong>\u201d, buscando soluciones concretas a los problemas planteados en nuestra sociedad.<\/span>[\/vc_column_text][\/vc_column_inner][vc_column_inner width=&#8221;1\/6&#8243;][\/vc_column_inner][\/vc_row_inner][\/vc_column][vc_column parallax=&#8221;content-moving&#8221; parallax_image=&#8221;1061&#8243; width=&#8221;1\/2&#8243; css=&#8221;.vc_custom_1578772615555{padding-top: 150px !important;padding-bottom: 150px !important;}&#8221; offset=&#8221;vc_hidden-xs&#8221;][\/vc_column][\/vc_row][vc_row equal_height=&#8221;yes&#8221; rtl_reverse=&#8221;yes&#8221; content_placement=&#8221;middle&#8221;][vc_column parallax=&#8221;content-moving&#8221; parallax_image=&#8221;1061&#8243; width=&#8221;1\/2&#8243; css=&#8221;.vc_custom_1578772469036{padding-top: 300px !important;padding-bottom: 300px !important;background-position: center !important;background-repeat: no-repeat !important;background-size: cover !important;}&#8221; offset=&#8221;vc_hidden-lg vc_hidden-md vc_hidden-sm&#8221;][\/vc_column][vc_column width=&#8221;1\/2&#8243; css=&#8221;.vc_custom_1578771903610{background-position: center !important;background-repeat: no-repeat !important;background-size: cover !important;}&#8221; offset=&#8221;vc_hidden-lg vc_hidden-md vc_hidden-sm&#8221;][vc_row_inner gap=&#8221;35&#8243; css=&#8221;.vc_custom_1578757110145{padding-top: 50px !important;padding-bottom: 50px !important;}&#8221;][vc_column_inner width=&#8221;1\/6&#8243;][\/vc_column_inner][vc_column_inner width=&#8221;2\/3&#8243;][vc_column_text]<\/p>\n<h2>Nuestro Enfoque<\/h2>\n<p>[\/vc_column_text][vc_column_text]<span style=\"font-weight: 400;\"><strong>Promovemos el desarrollo integral del ser humano<\/strong>, dando prioridad a los m\u00e1s necesitados. <\/span><\/p>\n<p><span style=\"font-weight: 400;\"><strong>Desarrollar los recursos acu\u00edferos<\/strong> como base para cualquier otra acci\u00f3n es fundamental para nosotros, y paulatinamente abarcamos otros campos como la salud, la nutrici\u00f3n, la agricultura, la educaci\u00f3n, y la atenci\u00f3n pastoral, seg\u00fan las necesidades de cada lugar.<\/span><\/p>\n<p><span style=\"font-weight: 400;\">En este contexto <strong>\u00c1frica es el foco principal de nuestra acci\u00f3n<\/strong>, pero tambi\u00e9n estamos abiertos para ser enviados a otros lugares remotos donde grupos y sociedades enteras han quedado marginados de los procesos de desarrollo y autosuficiencia. Podr\u00edamos decir que nuestra misi\u00f3n global es \u201c<strong>ajardinar el mundo<\/strong>\u201d, buscando soluciones concretas a los problemas planteados en nuestra sociedad.<\/span>[\/vc_column_text][\/vc_column_inner][vc_column_inner width=&#8221;1\/6&#8243;][\/vc_column_inner][\/vc_row_inner][\/vc_column][\/vc_row][\/vc_section]<\/p>\n<\/div>","protected":false},"excerpt":{"rendered":"<p>[vc_section full_width=&#8221;stretch_row_content&#8221; content_placement=&#8221;middle&#8221; css_animation=&#8221;fadeIn&#8221; el_class=&#8221;light-scheme&#8221; css=&#8221;.vc_custom_1578765654708{padding-top: 0px !important;padding-bottom: 0px !important;}&#8221; el_id=&#8221;split-section&#8221;][vc_row equal_height=&#8221;yes&#8221; rtl_reverse=&#8221;yes&#8221; content_placement=&#8221;middle&#8221;][vc_column width=&#8221;1\/2&#8243; css=&#8221;.vc_custom_1578769560056{padding-top: 150px !important;padding-bottom: 150px !important;}&#8221; offset=&#8221;vc_hidden-xs&#8221;][vc_row_inner gap=&#8221;35&#8243; css=&#8221;.vc_custom_1578757110145{padding-top: 50px !important;padding-bottom: 50px !important;}&#8221;][vc_column_inner width=&#8221;1\/6&#8243;][\/vc_column_inner][vc_column_inner width=&#8221;2\/3&#8243;][vc_column_text] MCSPA [\/vc_column_text][vc_column_text]La Comunidad Misionera de San Pablo Ap\u00f3stol y Mar\u00eda, Madre de la Iglesia es una asociaci\u00f3n p\u00fablica de fieles de la Iglesia Cat\u00f3lica, formada por [&hellip;]<\/p>\n","protected":false},"author":1,"featured_media":1541,"parent":0,"menu_order":0,"comment_status":"closed","ping_status":"closed","template":"","meta":{"footnotes":""},"class_list":["post-1540","page","type-page","status-publish","has-post-thumbnail","hentry"],"yoast_head":"<!-- This site is optimized with the Yoast SEO plugin v27.2 - https:\/\/yoast.com\/product\/yoast-seo-wordpress\/ -->\n<title>\u00bfQui\u00e9nes somos? - Comunidad misionera de San Pablo Apostol - MCSPA<\/title>\n<meta name=\"robots\" content=\"index, follow, max-snippet:-1, max-image-preview:large, max-video-preview:-1\" \/>\n<link rel=\"canonical\" href=\"https:\/\/mcspa.org\/es\/quienes-somos\/\" \/>\n<meta property=\"og:locale\" content=\"es_ES\" \/>\n<meta property=\"og:type\" content=\"article\" \/>\n<meta property=\"og:title\" content=\"\u00bfQui\u00e9nes somos? - Comunidad misionera de San Pablo Apostol - MCSPA\" \/>\n<meta property=\"og:description\" content=\"[vc_section full_width=&#8221;stretch_row_content&#8221; content_placement=&#8221;middle&#8221; css_animation=&#8221;fadeIn&#8221; el_class=&#8221;light-scheme&#8221; css=&#8221;.vc_custom_1578765654708{padding-top: 0px !important;padding-bottom: 0px !important;}&#8221; el_id=&#8221;split-section&#8221;][vc_row equal_height=&#8221;yes&#8221; rtl_reverse=&#8221;yes&#8221; content_placement=&#8221;middle&#8221;][vc_column width=&#8221;1\/2&#8243; css=&#8221;.vc_custom_1578769560056{padding-top: 150px !important;padding-bottom: 150px !important;}&#8221; offset=&#8221;vc_hidden-xs&#8221;][vc_row_inner gap=&#8221;35&#8243; css=&#8221;.vc_custom_1578757110145{padding-top: 50px !important;padding-bottom: 50px !important;}&#8221;][vc_column_inner width=&#8221;1\/6&#8243;][\/vc_column_inner][vc_column_inner width=&#8221;2\/3&#8243;][vc_column_text] MCSPA [\/vc_column_text][vc_column_text]La Comunidad Misionera de San Pablo Ap\u00f3stol y Mar\u00eda, Madre de la Iglesia es una asociaci\u00f3n p\u00fablica de fieles de la Iglesia Cat\u00f3lica, formada por [&hellip;]\" \/>\n<meta property=\"og:url\" content=\"https:\/\/mcspa.org\/es\/quienes-somos\/\" \/>\n<meta property=\"og:site_name\" content=\"Comunidad misionera de San Pablo Apostol - MCSPA\" \/>\n<meta property=\"article:publisher\" content=\"https:\/\/www.facebook.com\/mcspa\" \/>\n<meta property=\"article:modified_time\" content=\"2022-08-26T08:02:41+00:00\" \/>\n<meta property=\"og:image\" content=\"https:\/\/mcspa.org\/wp-content\/uploads\/2020\/01\/MCSPA-Banner-Image-1-scaled.jpg\" \/>\n\t<meta property=\"og:image:width\" content=\"2560\" \/>\n\t<meta property=\"og:image:height\" content=\"853\" \/>\n\t<meta property=\"og:image:type\" content=\"image\/jpeg\" \/>\n<meta name=\"twitter:card\" content=\"summary_large_image\" \/>\n<meta name=\"twitter:site\" content=\"@mcspa_org\" \/>\n<meta name=\"twitter:label1\" content=\"Tiempo de lectura\" \/>\n\t<meta name=\"twitter:data1\" content=\"4 minutos\" \/>\n<script type=\"application\/ld+json\" class=\"yoast-schema-graph\">{\"@context\":\"https:\/\/schema.org\",\"@graph\":[{\"@type\":\"WebPage\",\"@id\":\"https:\/\/mcspa.org\/es\/quienes-somos\/\",\"url\":\"https:\/\/mcspa.org\/es\/quienes-somos\/\",\"name\":\"\u00bfQui\u00e9nes somos? - Comunidad misionera de San Pablo Apostol - MCSPA\",\"isPartOf\":{\"@id\":\"https:\/\/mcspa.org\/#website\"},\"primaryImageOfPage\":{\"@id\":\"https:\/\/mcspa.org\/es\/quienes-somos\/#primaryimage\"},\"image\":{\"@id\":\"https:\/\/mcspa.org\/es\/quienes-somos\/#primaryimage\"},\"thumbnailUrl\":\"https:\/\/mcspa.org\/wp-content\/uploads\/2020\/01\/MCSPA-Banner-Image-1-scaled.jpg\",\"datePublished\":\"2020-01-10T18:02:14+00:00\",\"dateModified\":\"2022-08-26T08:02:41+00:00\",\"breadcrumb\":{\"@id\":\"https:\/\/mcspa.org\/es\/quienes-somos\/#breadcrumb\"},\"inLanguage\":\"es\",\"potentialAction\":[{\"@type\":\"ReadAction\",\"target\":[\"https:\/\/mcspa.org\/es\/quienes-somos\/\"]}]},{\"@type\":\"ImageObject\",\"inLanguage\":\"es\",\"@id\":\"https:\/\/mcspa.org\/es\/quienes-somos\/#primaryimage\",\"url\":\"https:\/\/mcspa.org\/wp-content\/uploads\/2020\/01\/MCSPA-Banner-Image-1-scaled.jpg\",\"contentUrl\":\"https:\/\/mcspa.org\/wp-content\/uploads\/2020\/01\/MCSPA-Banner-Image-1-scaled.jpg\",\"width\":2560,\"height\":853},{\"@type\":\"BreadcrumbList\",\"@id\":\"https:\/\/mcspa.org\/es\/quienes-somos\/#breadcrumb\",\"itemListElement\":[{\"@type\":\"ListItem\",\"position\":1,\"name\":\"Portada\",\"item\":\"https:\/\/mcspa.org\/es\/agency-homepage\/\"},{\"@type\":\"ListItem\",\"position\":2,\"name\":\"\u00bfQui\u00e9nes somos?\"}]},{\"@type\":\"WebSite\",\"@id\":\"https:\/\/mcspa.org\/#website\",\"url\":\"https:\/\/mcspa.org\/\",\"name\":\"Comunidad misionera de San Pablo Apostol - MCSPA\",\"description\":\"\",\"publisher\":{\"@id\":\"https:\/\/mcspa.org\/#organization\"},\"potentialAction\":[{\"@type\":\"SearchAction\",\"target\":{\"@type\":\"EntryPoint\",\"urlTemplate\":\"https:\/\/mcspa.org\/?s={search_term_string}\"},\"query-input\":{\"@type\":\"PropertyValueSpecification\",\"valueRequired\":true,\"valueName\":\"search_term_string\"}}],\"inLanguage\":\"es\"},{\"@type\":\"Organization\",\"@id\":\"https:\/\/mcspa.org\/#organization\",\"name\":\"Missionary Community of St. Paul the Apostle - MCSPA\",\"url\":\"https:\/\/mcspa.org\/\",\"logo\":{\"@type\":\"ImageObject\",\"inLanguage\":\"es\",\"@id\":\"https:\/\/mcspa.org\/#\/schema\/logo\/image\/\",\"url\":\"https:\/\/mcspa.org\/wp-content\/uploads\/2022\/11\/MCSPA-logo-english.png\",\"contentUrl\":\"https:\/\/mcspa.org\/wp-content\/uploads\/2022\/11\/MCSPA-logo-english.png\",\"width\":3614,\"height\":1244,\"caption\":\"Missionary Community of St. Paul the Apostle - MCSPA\"},\"image\":{\"@id\":\"https:\/\/mcspa.org\/#\/schema\/logo\/image\/\"},\"sameAs\":[\"https:\/\/www.facebook.com\/mcspa\",\"https:\/\/x.com\/mcspa_org\",\"https:\/\/www.instagram.com\/mcspa_mmc\/\",\"https:\/\/www.youtube.com\/channel\/UC1df8SuPOPbFtMhlokt9gZQ\",\"https:\/\/www.youtube.com\/c\/MCSPA\"]}]}<\/script>\n<!-- \/ Yoast SEO plugin. -->","yoast_head_json":{"title":"\u00bfQui\u00e9nes somos? - Comunidad misionera de San Pablo Apostol - MCSPA","robots":{"index":"index","follow":"follow","max-snippet":"max-snippet:-1","max-image-preview":"max-image-preview:large","max-video-preview":"max-video-preview:-1"},"canonical":"https:\/\/mcspa.org\/es\/quienes-somos\/","og_locale":"es_ES","og_type":"article","og_title":"\u00bfQui\u00e9nes somos? - Comunidad misionera de San Pablo Apostol - MCSPA","og_description":"[vc_section full_width=&#8221;stretch_row_content&#8221; content_placement=&#8221;middle&#8221; css_animation=&#8221;fadeIn&#8221; el_class=&#8221;light-scheme&#8221; css=&#8221;.vc_custom_1578765654708{padding-top: 0px !important;padding-bottom: 0px !important;}&#8221; el_id=&#8221;split-section&#8221;][vc_row equal_height=&#8221;yes&#8221; rtl_reverse=&#8221;yes&#8221; content_placement=&#8221;middle&#8221;][vc_column width=&#8221;1\/2&#8243; css=&#8221;.vc_custom_1578769560056{padding-top: 150px !important;padding-bottom: 150px !important;}&#8221; offset=&#8221;vc_hidden-xs&#8221;][vc_row_inner gap=&#8221;35&#8243; css=&#8221;.vc_custom_1578757110145{padding-top: 50px !important;padding-bottom: 50px !important;}&#8221;][vc_column_inner width=&#8221;1\/6&#8243;][\/vc_column_inner][vc_column_inner width=&#8221;2\/3&#8243;][vc_column_text] MCSPA [\/vc_column_text][vc_column_text]La Comunidad Misionera de San Pablo Ap\u00f3stol y Mar\u00eda, Madre de la Iglesia es una asociaci\u00f3n p\u00fablica de fieles de la Iglesia Cat\u00f3lica, formada por [&hellip;]","og_url":"https:\/\/mcspa.org\/es\/quienes-somos\/","og_site_name":"Comunidad misionera de San Pablo Apostol - MCSPA","article_publisher":"https:\/\/www.facebook.com\/mcspa","article_modified_time":"2022-08-26T08:02:41+00:00","og_image":[{"width":2560,"height":853,"url":"https:\/\/mcspa.org\/wp-content\/uploads\/2020\/01\/MCSPA-Banner-Image-1-scaled.jpg","type":"image\/jpeg"}],"twitter_card":"summary_large_image","twitter_site":"@mcspa_org","twitter_misc":{"Tiempo de lectura":"4 minutos"},"schema":{"@context":"https:\/\/schema.org","@graph":[{"@type":"WebPage","@id":"https:\/\/mcspa.org\/es\/quienes-somos\/","url":"https:\/\/mcspa.org\/es\/quienes-somos\/","name":"\u00bfQui\u00e9nes somos? - Comunidad misionera de San Pablo Apostol - MCSPA","isPartOf":{"@id":"https:\/\/mcspa.org\/#website"},"primaryImageOfPage":{"@id":"https:\/\/mcspa.org\/es\/quienes-somos\/#primaryimage"},"image":{"@id":"https:\/\/mcspa.org\/es\/quienes-somos\/#primaryimage"},"thumbnailUrl":"https:\/\/mcspa.org\/wp-content\/uploads\/2020\/01\/MCSPA-Banner-Image-1-scaled.jpg","datePublished":"2020-01-10T18:02:14+00:00","dateModified":"2022-08-26T08:02:41+00:00","breadcrumb":{"@id":"https:\/\/mcspa.org\/es\/quienes-somos\/#breadcrumb"},"inLanguage":"es","potentialAction":[{"@type":"ReadAction","target":["https:\/\/mcspa.org\/es\/quienes-somos\/"]}]},{"@type":"ImageObject","inLanguage":"es","@id":"https:\/\/mcspa.org\/es\/quienes-somos\/#primaryimage","url":"https:\/\/mcspa.org\/wp-content\/uploads\/2020\/01\/MCSPA-Banner-Image-1-scaled.jpg","contentUrl":"https:\/\/mcspa.org\/wp-content\/uploads\/2020\/01\/MCSPA-Banner-Image-1-scaled.jpg","width":2560,"height":853},{"@type":"BreadcrumbList","@id":"https:\/\/mcspa.org\/es\/quienes-somos\/#breadcrumb","itemListElement":[{"@type":"ListItem","position":1,"name":"Portada","item":"https:\/\/mcspa.org\/es\/agency-homepage\/"},{"@type":"ListItem","position":2,"name":"\u00bfQui\u00e9nes somos?"}]},{"@type":"WebSite","@id":"https:\/\/mcspa.org\/#website","url":"https:\/\/mcspa.org\/","name":"Comunidad misionera de San Pablo Apostol - MCSPA","description":"","publisher":{"@id":"https:\/\/mcspa.org\/#organization"},"potentialAction":[{"@type":"SearchAction","target":{"@type":"EntryPoint","urlTemplate":"https:\/\/mcspa.org\/?s={search_term_string}"},"query-input":{"@type":"PropertyValueSpecification","valueRequired":true,"valueName":"search_term_string"}}],"inLanguage":"es"},{"@type":"Organization","@id":"https:\/\/mcspa.org\/#organization","name":"Missionary Community of St. Paul the Apostle - MCSPA","url":"https:\/\/mcspa.org\/","logo":{"@type":"ImageObject","inLanguage":"es","@id":"https:\/\/mcspa.org\/#\/schema\/logo\/image\/","url":"https:\/\/mcspa.org\/wp-content\/uploads\/2022\/11\/MCSPA-logo-english.png","contentUrl":"https:\/\/mcspa.org\/wp-content\/uploads\/2022\/11\/MCSPA-logo-english.png","width":3614,"height":1244,"caption":"Missionary Community of St. Paul the Apostle - MCSPA"},"image":{"@id":"https:\/\/mcspa.org\/#\/schema\/logo\/image\/"},"sameAs":["https:\/\/www.facebook.com\/mcspa","https:\/\/x.com\/mcspa_org","https:\/\/www.instagram.com\/mcspa_mmc\/","https:\/\/www.youtube.com\/channel\/UC1df8SuPOPbFtMhlokt9gZQ","https:\/\/www.youtube.com\/c\/MCSPA"]}]}},"_links":{"self":[{"href":"https:\/\/mcspa.org\/es\/wp-json\/wp\/v2\/pages\/1540","targetHints":{"allow":["GET"]}}],"collection":[{"href":"https:\/\/mcspa.org\/es\/wp-json\/wp\/v2\/pages"}],"about":[{"href":"https:\/\/mcspa.org\/es\/wp-json\/wp\/v2\/types\/page"}],"author":[{"embeddable":true,"href":"https:\/\/mcspa.org\/es\/wp-json\/wp\/v2\/users\/1"}],"replies":[{"embeddable":true,"href":"https:\/\/mcspa.org\/es\/wp-json\/wp\/v2\/comments?post=1540"}],"version-history":[{"count":6,"href":"https:\/\/mcspa.org\/es\/wp-json\/wp\/v2\/pages\/1540\/revisions"}],"predecessor-version":[{"id":7231,"href":"https:\/\/mcspa.org\/es\/wp-json\/wp\/v2\/pages\/1540\/revisions\/7231"}],"wp:featuredmedia":[{"embeddable":true,"href":"https:\/\/mcspa.org\/es\/wp-json\/wp\/v2\/media\/1541"}],"wp:attachment":[{"href":"https:\/\/mcspa.org\/es\/wp-json\/wp\/v2\/media?parent=1540"}],"curies":[{"name":"wp","href":"https:\/\/api.w.org\/{rel}","templated":true}]}}